{"id":940,"date":"2025-05-19T20:03:44","date_gmt":"2025-05-19T20:03:44","guid":{"rendered":"https:\/\/slottspaviljongen.se\/?page_id=940"},"modified":"2025-06-26T16:39:32","modified_gmt":"2025-06-26T16:39:32","slug":"grupplunch","status":"publish","type":"page","link":"https:\/\/slottspaviljongen.se\/en\/grupplunch\/","title":{"rendered":"Group lunch"},"content":{"rendered":"<div data-elementor-type=\"wp-page\" data-elementor-id=\"940\" class=\"elementor elementor-940\" data-elementor-post-type=\"page\">\n\t\t\t\t<div class=\"elementor-element elementor-element-0e93b33 e-flex e-con-boxed e-con e-parent\" data-id=\"0e93b33\" data-element_type=\"container\" data-settings=\"{&quot;background_background&quot;:&quot;classic&quot;}\">\n\t\t\t\t\t<div class=\"e-con-inner\">\n\t\t<main class=\"elementor-element elementor-element-07f338d e-con-full animated-slow e-flex elementor-invisible e-con e-child\" data-id=\"07f338d\" data-element_type=\"container\" data-settings=\"{&quot;animation&quot;:&quot;fadeIn&quot;}\">\n\t\t\t\t<div class=\"elementor-element elementor-element-b801dd6 elementor-widget elementor-widget-heading\" data-id=\"b801dd6\" data-element_type=\"widget\" data-widget_type=\"heading.default\">\n\t\t\t\t<div class=\"elementor-widget-container\">\n\t\t\t\t\t<h1 class=\"elementor-heading-title elementor-size-default\">Group lunch<\/h1>\t\t\t\t<\/div>\n\t\t\t\t<\/div>\n\t\t\t\t<div class=\"elementor-element elementor-element-4effc9e elementor-widget elementor-widget-text-editor\" data-id=\"4effc9e\" data-element_type=\"widget\" data-widget_type=\"text-editor.default\">\n\t\t\t\t<div class=\"elementor-widget-container\">\n\t\t\t\t\t\t\t\t\t<p>Welcome to book a wonderful lunch experience for groups with us at Slottspaviljongen. Perfect for companies, associations or larger groups who want to eat well in a beautiful setting.<\/p>\t\t\t\t\t\t\t\t<\/div>\n\t\t\t\t<\/div>\n\t\t\t\t<div class=\"elementor-element elementor-element-cc6f8c7 elementor-widget elementor-widget-button\" data-id=\"cc6f8c7\" data-element_type=\"widget\" data-widget_type=\"button.default\">\n\t\t\t\t<div class=\"elementor-widget-container\">\n\t\t\t\t\t\t\t\t\t<div class=\"elementor-button-wrapper\">\n\t\t\t\t\t<a class=\"elementor-button elementor-button-link elementor-size-sm\" href=\"#grupp\">\n\t\t\t\t\t\t<span class=\"elementor-button-content-wrapper\">\n\t\t\t\t\t\t<span class=\"elementor-button-icon\">\n\t\t\t\t<svg aria-hidden=\"true\" class=\"e-font-icon-svg e-fas-angle-down\" viewbox=\"0 0 320 512\" xmlns=\"http:\/\/www.w3.org\/2000\/svg\"><path d=\"M143 352.3L7 216.3c-9.4-9.4-9.4-24.6 0-33.9l22.6-22.6c9.4-9.4 24.6-9.4 33.9 0l96.4 96.4 96.4-96.4c9.4-9.4 24.6-9.4 33.9 0l22.6 22.6c9.4 9.4 9.4 24.6 0 33.9l-136 136c-9.2 9.4-24.4 9.4-33.8 0z\"><\/path><\/svg>\t\t\t<\/span>\n\t\t\t\t\t\t\t\t\t<span class=\"elementor-button-text\">Read more<\/span>\n\t\t\t\t\t<\/span>\n\t\t\t\t\t<\/a>\n\t\t\t\t<\/div>\n\t\t\t\t\t\t\t\t<\/div>\n\t\t\t\t<\/div>\n\t\t\t\t<\/main>\n\t\t\t\t\t<\/div>\n\t\t\t\t<\/div>\n\t\t<div class=\"elementor-element elementor-element-82aed1f e-flex e-con-boxed e-con e-parent\" data-id=\"82aed1f\" data-element_type=\"container\" data-settings=\"{&quot;background_background&quot;:&quot;classic&quot;}\">\n\t\t\t\t\t<div class=\"e-con-inner\">\n\t\t<div class=\"elementor-element elementor-element-9b9dbd6 e-con-full e-flex e-con e-child\" data-id=\"9b9dbd6\" data-element_type=\"container\">\n\t\t<div class=\"elementor-element elementor-element-4a407ea e-con-full e-flex e-con e-child\" data-id=\"4a407ea\" data-element_type=\"container\">\n\t\t<div class=\"elementor-element elementor-element-10d7a78 e-con-full animated-slow e-flex elementor-invisible e-con e-child\" data-id=\"10d7a78\" data-element_type=\"container\" data-settings=\"{&quot;animation&quot;:&quot;fadeIn&quot;}\">\n\t\t<div class=\"elementor-element elementor-element-6e88086 e-con-full e-flex e-con e-child\" data-id=\"6e88086\" data-element_type=\"container\">\n\t\t\t\t<div class=\"elementor-element elementor-element-04c056f elementor-widget elementor-widget-heading\" data-id=\"04c056f\" data-element_type=\"widget\" data-widget_type=\"heading.default\">\n\t\t\t\t<div class=\"elementor-widget-container\">\n\t\t\t\t\t<h2 class=\"elementor-heading-title elementor-size-default translation-block\">Lunch in a <span style=\"color: #FFCB70\"> group?<\/span><\/h2>\t\t\t\t<\/div>\n\t\t\t\t<\/div>\n\t\t\t\t<div class=\"elementor-element elementor-element-cd90f54 elementor-widget elementor-widget-text-editor\" data-id=\"cd90f54\" data-element_type=\"widget\" data-widget_type=\"text-editor.default\">\n\t\t\t\t<div class=\"elementor-widget-container\">\n\t\t\t\t\t\t\t\t\t<p>Take a look at our current group menu proposal \u2013 adapted for groups who want to eat together. Click below to see the full menu in PDF format.<\/p>\t\t\t\t\t\t\t\t<\/div>\n\t\t\t\t<\/div>\n\t\t\t\t<div class=\"elementor-element elementor-element-5229893 elementor-widget elementor-widget-button\" data-id=\"5229893\" data-element_type=\"widget\" data-widget_type=\"button.default\">\n\t\t\t\t<div class=\"elementor-widget-container\">\n\t\t\t\t\t\t\t\t\t<div class=\"elementor-button-wrapper\">\n\t\t\t\t\t<a class=\"elementor-button elementor-button-link elementor-size-sm\" href=\"https:\/\/slottspaviljongen.se\/wp-content\/uploads\/2025\/05\/Meny-Gruppmeny-1.pdf\" target=\"_blank\">\n\t\t\t\t\t\t<span class=\"elementor-button-content-wrapper\">\n\t\t\t\t\t\t\t\t\t<span class=\"elementor-button-text\">See the group lunch menu<\/span>\n\t\t\t\t\t<\/span>\n\t\t\t\t\t<\/a>\n\t\t\t\t<\/div>\n\t\t\t\t\t\t\t\t<\/div>\n\t\t\t\t<\/div>\n\t\t\t\t<\/div>\n\t\t<div class=\"elementor-element elementor-element-8e1afe2 e-con-full e-flex e-con e-child\" data-id=\"8e1afe2\" data-element_type=\"container\">\n\t\t\t\t<div class=\"elementor-element elementor-element-9c8b0e8 elementor-widget elementor-widget-menu-anchor\" data-id=\"9c8b0e8\" data-element_type=\"widget\" data-widget_type=\"menu-anchor.default\">\n\t\t\t\t<div class=\"elementor-widget-container\">\n\t\t\t\t\t\t\t<div class=\"elementor-menu-anchor\" id=\"grupp\"><\/div>\n\t\t\t\t\t\t<\/div>\n\t\t\t\t<\/div>\n\t\t\t\t<div class=\"elementor-element elementor-element-bf2c715 elementor-pagination-position-outside elementor-widget elementor-widget-image-carousel\" data-id=\"bf2c715\" data-element_type=\"widget\" data-settings=\"{&quot;slides_to_show&quot;:&quot;1&quot;,&quot;navigation&quot;:&quot;dots&quot;,&quot;autoplay&quot;:&quot;yes&quot;,&quot;pause_on_hover&quot;:&quot;yes&quot;,&quot;pause_on_interaction&quot;:&quot;yes&quot;,&quot;autoplay_speed&quot;:5000,&quot;infinite&quot;:&quot;yes&quot;,&quot;effect&quot;:&quot;slide&quot;,&quot;speed&quot;:500}\" data-widget_type=\"image-carousel.default\">\n\t\t\t\t<div class=\"elementor-widget-container\">\n\t\t\t\t\t\t\t<div class=\"elementor-image-carousel-wrapper swiper\" role=\"region\" aria-roledescription=\"carousel\" aria-label=\"Bildkarusell\" dir=\"ltr\">\n\t\t\t<div class=\"elementor-image-carousel swiper-wrapper\" aria-live=\"off\">\n\t\t\t\t\t\t\t\t<div class=\"swiper-slide\" role=\"group\" aria-roledescription=\"slide\" aria-label=\"1 av 1\"><figure class=\"swiper-slide-inner\"><img decoding=\"async\" class=\"swiper-slide-image\" src=\"https:\/\/slottspaviljongen.se\/wp-content\/uploads\/2025\/05\/Middag-1.png\" alt=\"Meny\" \/><\/figure><\/div>\t\t\t<\/div>\n\t\t\t\t\t<\/div>\n\t\t\t\t\t\t<\/div>\n\t\t\t\t<\/div>\n\t\t\t\t<\/div>\n\t\t\t\t<\/div>\n\t\t\t\t<\/div>\n\t\t\t\t<\/div>\n\t\t\t\t\t<\/div>\n\t\t\t\t<\/div>\n\t\t\t\t<\/div>","protected":false},"excerpt":{"rendered":"<p>Grupplunch V\u00e4lkommen att boka en h\u00e4rlig lunchupplevelse f\u00f6r grupper hos oss p\u00e5 Slottspaviljongen. Perfekt f\u00f6r f\u00f6retag, f\u00f6reningar eller st\u00f6rre s\u00e4llskap som vill \u00e4ta gott i en vacker milj\u00f6. L\u00e4s mer Luncha i grupp? Ta del av v\u00e5rt aktuella gruppmenyf\u00f6rslag \u2013 anpassat f\u00f6r s\u00e4llskap som vill \u00e4ta tillsammans. Klicka nedan f\u00f6r att se hela menyn i [&hellip;]<\/p>","protected":false},"author":1,"featured_media":0,"parent":0,"menu_order":0,"comment_status":"closed","ping_status":"closed","template":"elementor_header_footer","meta":{"footnotes":""},"class_list":["post-940","page","type-page","status-publish","hentry"],"yoast_head":"<!-- This site is optimized with the Yoast SEO plugin v26.0 - https:\/\/yoast.com\/wordpress\/plugins\/seo\/ -->\n<title>Grupplunch - Upplev mer \u00e4n en m\u00e5ltid<\/title>\n<meta name=\"robots\" content=\"index, follow, max-snippet:-1, max-image-preview:large, max-video-preview:-1\" \/>\n<link rel=\"canonical\" href=\"https:\/\/slottspaviljongen.se\/en\/grupplunch\/\" \/>\n<meta property=\"og:locale\" content=\"en_US\" \/>\n<meta property=\"og:type\" content=\"article\" \/>\n<meta property=\"og:title\" content=\"Grupplunch - Upplev mer \u00e4n en m\u00e5ltid\" \/>\n<meta property=\"og:description\" content=\"Grupplunch V\u00e4lkommen att boka en h\u00e4rlig lunchupplevelse f\u00f6r grupper hos oss p\u00e5 Slottspaviljongen. Perfekt f\u00f6r f\u00f6retag, f\u00f6reningar eller st\u00f6rre s\u00e4llskap som vill \u00e4ta gott i en vacker milj\u00f6. L\u00e4s mer Luncha i grupp? Ta del av v\u00e5rt aktuella gruppmenyf\u00f6rslag \u2013 anpassat f\u00f6r s\u00e4llskap som vill \u00e4ta tillsammans. Klicka nedan f\u00f6r att se hela menyn i [&hellip;]\" \/>\n<meta property=\"og:url\" content=\"https:\/\/slottspaviljongen.se\/en\/grupplunch\/\" \/>\n<meta property=\"og:site_name\" content=\"Upplev mer \u00e4n en m\u00e5ltid\" \/>\n<meta property=\"article:publisher\" content=\"https:\/\/www.facebook.com\/slottspaviljongen\/?locale=sv_SE\" \/>\n<meta property=\"article:modified_time\" content=\"2025-06-26T16:39:32+00:00\" \/>\n<meta property=\"og:image\" content=\"https:\/\/slottspaviljongen.se\/wp-content\/uploads\/2025\/05\/Middag-1.png\" \/>\n<meta name=\"twitter:card\" content=\"summary_large_image\" \/>\n<meta name=\"twitter:label1\" content=\"Est. reading time\" \/>\n\t<meta name=\"twitter:data1\" content=\"1 minute\" \/>\n<script type=\"application\/ld+json\" class=\"yoast-schema-graph\">{\"@context\":\"https:\/\/schema.org\",\"@graph\":[{\"@type\":\"WebPage\",\"@id\":\"https:\/\/slottspaviljongen.se\/grupplunch\/\",\"url\":\"https:\/\/slottspaviljongen.se\/grupplunch\/\",\"name\":\"Grupplunch - Upplev mer \u00e4n en m\u00e5ltid\",\"isPartOf\":{\"@id\":\"https:\/\/slottspaviljongen.se\/#website\"},\"primaryImageOfPage\":{\"@id\":\"https:\/\/slottspaviljongen.se\/grupplunch\/#primaryimage\"},\"image\":{\"@id\":\"https:\/\/slottspaviljongen.se\/grupplunch\/#primaryimage\"},\"thumbnailUrl\":\"https:\/\/slottspaviljongen.se\/wp-content\/uploads\/2025\/05\/Middag-1.png\",\"datePublished\":\"2025-05-19T20:03:44+00:00\",\"dateModified\":\"2025-06-26T16:39:32+00:00\",\"breadcrumb\":{\"@id\":\"https:\/\/slottspaviljongen.se\/grupplunch\/#breadcrumb\"},\"inLanguage\":\"en-US\",\"potentialAction\":[{\"@type\":\"ReadAction\",\"target\":[\"https:\/\/slottspaviljongen.se\/grupplunch\/\"]}]},{\"@type\":\"ImageObject\",\"inLanguage\":\"en-US\",\"@id\":\"https:\/\/slottspaviljongen.se\/grupplunch\/#primaryimage\",\"url\":\"https:\/\/slottspaviljongen.se\/wp-content\/uploads\/2025\/05\/Middag-1.png\",\"contentUrl\":\"https:\/\/slottspaviljongen.se\/wp-content\/uploads\/2025\/05\/Middag-1.png\"},{\"@type\":\"BreadcrumbList\",\"@id\":\"https:\/\/slottspaviljongen.se\/grupplunch\/#breadcrumb\",\"itemListElement\":[{\"@type\":\"ListItem\",\"position\":1,\"name\":\"Hem\",\"item\":\"https:\/\/slottspaviljongen.se\/\"},{\"@type\":\"ListItem\",\"position\":2,\"name\":\"Grupplunch\"}]},{\"@type\":\"WebSite\",\"@id\":\"https:\/\/slottspaviljongen.se\/#website\",\"url\":\"https:\/\/slottspaviljongen.se\/\",\"name\":\"Slottspaviljongen\",\"description\":\"Upplev mer \u00e4n en m\u00e5ltid\",\"publisher\":{\"@id\":\"https:\/\/slottspaviljongen.se\/#organization\"},\"potentialAction\":[{\"@type\":\"SearchAction\",\"target\":{\"@type\":\"EntryPoint\",\"urlTemplate\":\"https:\/\/slottspaviljongen.se\/?s={search_term_string}\"},\"query-input\":{\"@type\":\"PropertyValueSpecification\",\"valueRequired\":true,\"valueName\":\"search_term_string\"}}],\"inLanguage\":\"en-US\"},{\"@type\":\"Organization\",\"@id\":\"https:\/\/slottspaviljongen.se\/#organization\",\"name\":\"Slottspaviljongen\",\"url\":\"https:\/\/slottspaviljongen.se\/\",\"logo\":{\"@type\":\"ImageObject\",\"inLanguage\":\"en-US\",\"@id\":\"https:\/\/slottspaviljongen.se\/#\/schema\/logo\/image\/\",\"url\":\"https:\/\/slottspaviljongen.se\/wp-content\/uploads\/2025\/05\/Slottspaviljongen-ikon.png\",\"contentUrl\":\"https:\/\/slottspaviljongen.se\/wp-content\/uploads\/2025\/05\/Slottspaviljongen-ikon.png\",\"width\":500,\"height\":500,\"caption\":\"Slottspaviljongen\"},\"image\":{\"@id\":\"https:\/\/slottspaviljongen.se\/#\/schema\/logo\/image\/\"},\"sameAs\":[\"https:\/\/www.facebook.com\/slottspaviljongen\/?locale=sv_SE\",\"https:\/\/www.instagram.com\/slottspaviljongen\/\"]}]}<\/script>\n<!-- \/ Yoast SEO plugin. -->","yoast_head_json":{"title":"Grupplunch - Upplev mer \u00e4n en m\u00e5ltid","robots":{"index":"index","follow":"follow","max-snippet":"max-snippet:-1","max-image-preview":"max-image-preview:large","max-video-preview":"max-video-preview:-1"},"canonical":"https:\/\/slottspaviljongen.se\/en\/grupplunch\/","og_locale":"en_US","og_type":"article","og_title":"Grupplunch - Upplev mer \u00e4n en m\u00e5ltid","og_description":"Grupplunch V\u00e4lkommen att boka en h\u00e4rlig lunchupplevelse f\u00f6r grupper hos oss p\u00e5 Slottspaviljongen. Perfekt f\u00f6r f\u00f6retag, f\u00f6reningar eller st\u00f6rre s\u00e4llskap som vill \u00e4ta gott i en vacker milj\u00f6. L\u00e4s mer Luncha i grupp? Ta del av v\u00e5rt aktuella gruppmenyf\u00f6rslag \u2013 anpassat f\u00f6r s\u00e4llskap som vill \u00e4ta tillsammans. Klicka nedan f\u00f6r att se hela menyn i [&hellip;]","og_url":"https:\/\/slottspaviljongen.se\/en\/grupplunch\/","og_site_name":"Upplev mer \u00e4n en m\u00e5ltid","article_publisher":"https:\/\/www.facebook.com\/slottspaviljongen\/?locale=sv_SE","article_modified_time":"2025-06-26T16:39:32+00:00","og_image":[{"url":"https:\/\/slottspaviljongen.se\/wp-content\/uploads\/2025\/05\/Middag-1.png","type":"","width":"","height":""}],"twitter_card":"summary_large_image","twitter_misc":{"Est. reading time":"1 minute"},"schema":{"@context":"https:\/\/schema.org","@graph":[{"@type":"WebPage","@id":"https:\/\/slottspaviljongen.se\/grupplunch\/","url":"https:\/\/slottspaviljongen.se\/grupplunch\/","name":"Grupplunch - Upplev mer \u00e4n en m\u00e5ltid","isPartOf":{"@id":"https:\/\/slottspaviljongen.se\/#website"},"primaryImageOfPage":{"@id":"https:\/\/slottspaviljongen.se\/grupplunch\/#primaryimage"},"image":{"@id":"https:\/\/slottspaviljongen.se\/grupplunch\/#primaryimage"},"thumbnailUrl":"https:\/\/slottspaviljongen.se\/wp-content\/uploads\/2025\/05\/Middag-1.png","datePublished":"2025-05-19T20:03:44+00:00","dateModified":"2025-06-26T16:39:32+00:00","breadcrumb":{"@id":"https:\/\/slottspaviljongen.se\/grupplunch\/#breadcrumb"},"inLanguage":"en-US","potentialAction":[{"@type":"ReadAction","target":["https:\/\/slottspaviljongen.se\/grupplunch\/"]}]},{"@type":"ImageObject","inLanguage":"en-US","@id":"https:\/\/slottspaviljongen.se\/grupplunch\/#primaryimage","url":"https:\/\/slottspaviljongen.se\/wp-content\/uploads\/2025\/05\/Middag-1.png","contentUrl":"https:\/\/slottspaviljongen.se\/wp-content\/uploads\/2025\/05\/Middag-1.png"},{"@type":"BreadcrumbList","@id":"https:\/\/slottspaviljongen.se\/grupplunch\/#breadcrumb","itemListElement":[{"@type":"ListItem","position":1,"name":"Hem","item":"https:\/\/slottspaviljongen.se\/"},{"@type":"ListItem","position":2,"name":"Grupplunch"}]},{"@type":"WebSite","@id":"https:\/\/slottspaviljongen.se\/#website","url":"https:\/\/slottspaviljongen.se\/","name":"Slottspaviljongen","description":"Upplev mer \u00e4n en m\u00e5ltid","publisher":{"@id":"https:\/\/slottspaviljongen.se\/#organization"},"potentialAction":[{"@type":"SearchAction","target":{"@type":"EntryPoint","urlTemplate":"https:\/\/slottspaviljongen.se\/?s={search_term_string}"},"query-input":{"@type":"PropertyValueSpecification","valueRequired":true,"valueName":"search_term_string"}}],"inLanguage":"en-US"},{"@type":"Organization","@id":"https:\/\/slottspaviljongen.se\/#organization","name":"Slottspaviljongen","url":"https:\/\/slottspaviljongen.se\/","logo":{"@type":"ImageObject","inLanguage":"en-US","@id":"https:\/\/slottspaviljongen.se\/#\/schema\/logo\/image\/","url":"https:\/\/slottspaviljongen.se\/wp-content\/uploads\/2025\/05\/Slottspaviljongen-ikon.png","contentUrl":"https:\/\/slottspaviljongen.se\/wp-content\/uploads\/2025\/05\/Slottspaviljongen-ikon.png","width":500,"height":500,"caption":"Slottspaviljongen"},"image":{"@id":"https:\/\/slottspaviljongen.se\/#\/schema\/logo\/image\/"},"sameAs":["https:\/\/www.facebook.com\/slottspaviljongen\/?locale=sv_SE","https:\/\/www.instagram.com\/slottspaviljongen\/"]}]}},"_links":{"self":[{"href":"https:\/\/slottspaviljongen.se\/en\/wp-json\/wp\/v2\/pages\/940","targetHints":{"allow":["GET"]}}],"collection":[{"href":"https:\/\/slottspaviljongen.se\/en\/wp-json\/wp\/v2\/pages"}],"about":[{"href":"https:\/\/slottspaviljongen.se\/en\/wp-json\/wp\/v2\/types\/page"}],"author":[{"embeddable":true,"href":"https:\/\/slottspaviljongen.se\/en\/wp-json\/wp\/v2\/users\/1"}],"replies":[{"embeddable":true,"href":"https:\/\/slottspaviljongen.se\/en\/wp-json\/wp\/v2\/comments?post=940"}],"version-history":[{"count":37,"href":"https:\/\/slottspaviljongen.se\/en\/wp-json\/wp\/v2\/pages\/940\/revisions"}],"predecessor-version":[{"id":1133,"href":"https:\/\/slottspaviljongen.se\/en\/wp-json\/wp\/v2\/pages\/940\/revisions\/1133"}],"wp:attachment":[{"href":"https:\/\/slottspaviljongen.se\/en\/wp-json\/wp\/v2\/media?parent=940"}],"curies":[{"name":"wp","href":"https:\/\/api.w.org\/{rel}","templated":true}]}}