{"id":707,"date":"2025-05-06T18:27:49","date_gmt":"2025-05-06T18:27:49","guid":{"rendered":"https:\/\/slottspaviljongen.se\/?page_id=707"},"modified":"2025-05-10T15:46:12","modified_gmt":"2025-05-10T15:46:12","slug":"pask","status":"publish","type":"page","link":"https:\/\/slottspaviljongen.se\/en\/pask\/","title":{"rendered":"Easter"},"content":{"rendered":"<div data-elementor-type=\"wp-page\" data-elementor-id=\"707\" class=\"elementor elementor-707\" data-elementor-post-type=\"page\">\n\t\t\t\t<div class=\"elementor-element elementor-element-248e0fc e-flex e-con-boxed e-con e-parent\" data-id=\"248e0fc\" data-element_type=\"container\" data-settings=\"{&quot;background_background&quot;:&quot;classic&quot;}\">\n\t\t\t\t\t<div class=\"e-con-inner\">\n\t\t<main class=\"elementor-element elementor-element-92060de e-con-full animated-slow e-flex elementor-invisible e-con e-child\" data-id=\"92060de\" data-element_type=\"container\" data-settings=\"{&quot;animation&quot;:&quot;fadeIn&quot;}\">\n\t\t\t\t<div class=\"elementor-element elementor-element-923eb44 elementor-widget elementor-widget-heading\" data-id=\"923eb44\" data-element_type=\"widget\" data-widget_type=\"heading.default\">\n\t\t\t\t<div class=\"elementor-widget-container\">\n\t\t\t\t\t<h1 class=\"elementor-heading-title elementor-size-default\">Easter<\/h1>\t\t\t\t<\/div>\n\t\t\t\t<\/div>\n\t\t\t\t<div class=\"elementor-element elementor-element-cfc5a59 elementor-widget elementor-widget-text-editor\" data-id=\"cfc5a59\" data-element_type=\"widget\" data-widget_type=\"text-editor.default\">\n\t\t\t\t<div class=\"elementor-widget-container\">\n\t\t\t\t\t\t\t\t\t<p class=\"\" data-start=\"92\" data-end=\"355\">More information will be available soon.<\/p>\t\t\t\t\t\t\t\t<\/div>\n\t\t\t\t<\/div>\n\t\t\t\t<\/main>\n\t\t\t\t\t<\/div>\n\t\t\t\t<\/div>\n\t\t\t\t<\/div>","protected":false},"excerpt":{"rendered":"<p>p\u00e5sk Mer information kommer inom kort.<\/p>","protected":false},"author":1,"featured_media":592,"parent":0,"menu_order":0,"comment_status":"closed","ping_status":"closed","template":"elementor_header_footer","meta":{"footnotes":""},"class_list":["post-707","page","type-page","status-publish","has-post-thumbnail","hentry"],"yoast_head":"<!-- This site is optimized with the Yoast SEO plugin v26.0 - https:\/\/yoast.com\/wordpress\/plugins\/seo\/ -->\n<title>P\u00e5sk - Upplev mer \u00e4n en m\u00e5ltid<\/title>\n<meta name=\"robots\" content=\"index, follow, max-snippet:-1, max-image-preview:large, max-video-preview:-1\" \/>\n<link rel=\"canonical\" href=\"https:\/\/slottspaviljongen.se\/en\/pask\/\" \/>\n<meta property=\"og:locale\" content=\"en_US\" \/>\n<meta property=\"og:type\" content=\"article\" \/>\n<meta property=\"og:title\" content=\"P\u00e5sk\" \/>\n<meta property=\"og:description\" content=\"p\u00e5sk Mer information kommer inom kort.\" \/>\n<meta property=\"og:url\" content=\"https:\/\/slottspaviljongen.se\/en\/pask\/\" \/>\n<meta property=\"og:site_name\" content=\"Upplev mer \u00e4n en m\u00e5ltid\" \/>\n<meta property=\"article:publisher\" content=\"https:\/\/www.facebook.com\/slottspaviljongen\/?locale=sv_SE\" \/>\n<meta property=\"article:modified_time\" content=\"2025-05-10T15:46:12+00:00\" \/>\n<meta property=\"og:image\" content=\"https:\/\/slottspaviljongen.se\/wp-content\/uploads\/2025\/05\/Slottspaviljongen.png\" \/>\n\t<meta property=\"og:image:width\" content=\"856\" \/>\n\t<meta property=\"og:image:height\" content=\"500\" \/>\n\t<meta property=\"og:image:type\" content=\"image\/png\" \/>\n<meta name=\"twitter:card\" content=\"summary_large_image\" \/>\n<meta name=\"twitter:title\" content=\"P\u00e5sk\" \/>\n<meta name=\"twitter:image\" content=\"https:\/\/slottspaviljongen.se\/wp-content\/uploads\/2025\/05\/Slottspaviljongen.png\" \/>\n<meta name=\"twitter:label1\" content=\"Est. reading time\" \/>\n\t<meta name=\"twitter:data1\" content=\"1 minute\" \/>\n<script type=\"application\/ld+json\" class=\"yoast-schema-graph\">{\"@context\":\"https:\/\/schema.org\",\"@graph\":[{\"@type\":\"WebPage\",\"@id\":\"https:\/\/slottspaviljongen.se\/pask\/\",\"url\":\"https:\/\/slottspaviljongen.se\/pask\/\",\"name\":\"P\u00e5sk - Upplev mer \u00e4n en m\u00e5ltid\",\"isPartOf\":{\"@id\":\"https:\/\/slottspaviljongen.se\/#website\"},\"primaryImageOfPage\":{\"@id\":\"https:\/\/slottspaviljongen.se\/pask\/#primaryimage\"},\"image\":{\"@id\":\"https:\/\/slottspaviljongen.se\/pask\/#primaryimage\"},\"thumbnailUrl\":\"https:\/\/slottspaviljongen.se\/wp-content\/uploads\/2025\/05\/Slottspaviljongen.png\",\"datePublished\":\"2025-05-06T18:27:49+00:00\",\"dateModified\":\"2025-05-10T15:46:12+00:00\",\"breadcrumb\":{\"@id\":\"https:\/\/slottspaviljongen.se\/pask\/#breadcrumb\"},\"inLanguage\":\"en-US\",\"potentialAction\":[{\"@type\":\"ReadAction\",\"target\":[\"https:\/\/slottspaviljongen.se\/pask\/\"]}]},{\"@type\":\"ImageObject\",\"inLanguage\":\"en-US\",\"@id\":\"https:\/\/slottspaviljongen.se\/pask\/#primaryimage\",\"url\":\"https:\/\/slottspaviljongen.se\/wp-content\/uploads\/2025\/05\/Slottspaviljongen.png\",\"contentUrl\":\"https:\/\/slottspaviljongen.se\/wp-content\/uploads\/2025\/05\/Slottspaviljongen.png\",\"width\":856,\"height\":500,\"caption\":\"Slottspaviljongen\"},{\"@type\":\"BreadcrumbList\",\"@id\":\"https:\/\/slottspaviljongen.se\/pask\/#breadcrumb\",\"itemListElement\":[{\"@type\":\"ListItem\",\"position\":1,\"name\":\"Hem\",\"item\":\"https:\/\/slottspaviljongen.se\/\"},{\"@type\":\"ListItem\",\"position\":2,\"name\":\"P\u00e5sk\"}]},{\"@type\":\"WebSite\",\"@id\":\"https:\/\/slottspaviljongen.se\/#website\",\"url\":\"https:\/\/slottspaviljongen.se\/\",\"name\":\"Slottspaviljongen\",\"description\":\"Upplev mer \u00e4n en m\u00e5ltid\",\"publisher\":{\"@id\":\"https:\/\/slottspaviljongen.se\/#organization\"},\"potentialAction\":[{\"@type\":\"SearchAction\",\"target\":{\"@type\":\"EntryPoint\",\"urlTemplate\":\"https:\/\/slottspaviljongen.se\/?s={search_term_string}\"},\"query-input\":{\"@type\":\"PropertyValueSpecification\",\"valueRequired\":true,\"valueName\":\"search_term_string\"}}],\"inLanguage\":\"en-US\"},{\"@type\":\"Organization\",\"@id\":\"https:\/\/slottspaviljongen.se\/#organization\",\"name\":\"Slottspaviljongen\",\"url\":\"https:\/\/slottspaviljongen.se\/\",\"logo\":{\"@type\":\"ImageObject\",\"inLanguage\":\"en-US\",\"@id\":\"https:\/\/slottspaviljongen.se\/#\/schema\/logo\/image\/\",\"url\":\"https:\/\/slottspaviljongen.se\/wp-content\/uploads\/2025\/05\/Slottspaviljongen-ikon.png\",\"contentUrl\":\"https:\/\/slottspaviljongen.se\/wp-content\/uploads\/2025\/05\/Slottspaviljongen-ikon.png\",\"width\":500,\"height\":500,\"caption\":\"Slottspaviljongen\"},\"image\":{\"@id\":\"https:\/\/slottspaviljongen.se\/#\/schema\/logo\/image\/\"},\"sameAs\":[\"https:\/\/www.facebook.com\/slottspaviljongen\/?locale=sv_SE\",\"https:\/\/www.instagram.com\/slottspaviljongen\/\"]}]}<\/script>\n<!-- \/ Yoast SEO plugin. -->","yoast_head_json":{"title":"P\u00e5sk - Upplev mer \u00e4n en m\u00e5ltid","robots":{"index":"index","follow":"follow","max-snippet":"max-snippet:-1","max-image-preview":"max-image-preview:large","max-video-preview":"max-video-preview:-1"},"canonical":"https:\/\/slottspaviljongen.se\/en\/pask\/","og_locale":"en_US","og_type":"article","og_title":"P\u00e5sk","og_description":"p\u00e5sk Mer information kommer inom kort.","og_url":"https:\/\/slottspaviljongen.se\/en\/pask\/","og_site_name":"Upplev mer \u00e4n en m\u00e5ltid","article_publisher":"https:\/\/www.facebook.com\/slottspaviljongen\/?locale=sv_SE","article_modified_time":"2025-05-10T15:46:12+00:00","og_image":[{"width":856,"height":500,"url":"https:\/\/slottspaviljongen.se\/wp-content\/uploads\/2025\/05\/Slottspaviljongen.png","type":"image\/png"}],"twitter_card":"summary_large_image","twitter_title":"P\u00e5sk","twitter_image":"https:\/\/slottspaviljongen.se\/wp-content\/uploads\/2025\/05\/Slottspaviljongen.png","twitter_misc":{"Est. reading time":"1 minute"},"schema":{"@context":"https:\/\/schema.org","@graph":[{"@type":"WebPage","@id":"https:\/\/slottspaviljongen.se\/pask\/","url":"https:\/\/slottspaviljongen.se\/pask\/","name":"P\u00e5sk - Upplev mer \u00e4n en m\u00e5ltid","isPartOf":{"@id":"https:\/\/slottspaviljongen.se\/#website"},"primaryImageOfPage":{"@id":"https:\/\/slottspaviljongen.se\/pask\/#primaryimage"},"image":{"@id":"https:\/\/slottspaviljongen.se\/pask\/#primaryimage"},"thumbnailUrl":"https:\/\/slottspaviljongen.se\/wp-content\/uploads\/2025\/05\/Slottspaviljongen.png","datePublished":"2025-05-06T18:27:49+00:00","dateModified":"2025-05-10T15:46:12+00:00","breadcrumb":{"@id":"https:\/\/slottspaviljongen.se\/pask\/#breadcrumb"},"inLanguage":"en-US","potentialAction":[{"@type":"ReadAction","target":["https:\/\/slottspaviljongen.se\/pask\/"]}]},{"@type":"ImageObject","inLanguage":"en-US","@id":"https:\/\/slottspaviljongen.se\/pask\/#primaryimage","url":"https:\/\/slottspaviljongen.se\/wp-content\/uploads\/2025\/05\/Slottspaviljongen.png","contentUrl":"https:\/\/slottspaviljongen.se\/wp-content\/uploads\/2025\/05\/Slottspaviljongen.png","width":856,"height":500,"caption":"Slottspaviljongen"},{"@type":"BreadcrumbList","@id":"https:\/\/slottspaviljongen.se\/pask\/#breadcrumb","itemListElement":[{"@type":"ListItem","position":1,"name":"Hem","item":"https:\/\/slottspaviljongen.se\/"},{"@type":"ListItem","position":2,"name":"P\u00e5sk"}]},{"@type":"WebSite","@id":"https:\/\/slottspaviljongen.se\/#website","url":"https:\/\/slottspaviljongen.se\/","name":"Slottspaviljongen","description":"Upplev mer \u00e4n en m\u00e5ltid","publisher":{"@id":"https:\/\/slottspaviljongen.se\/#organization"},"potentialAction":[{"@type":"SearchAction","target":{"@type":"EntryPoint","urlTemplate":"https:\/\/slottspaviljongen.se\/?s={search_term_string}"},"query-input":{"@type":"PropertyValueSpecification","valueRequired":true,"valueName":"search_term_string"}}],"inLanguage":"en-US"},{"@type":"Organization","@id":"https:\/\/slottspaviljongen.se\/#organization","name":"Slottspaviljongen","url":"https:\/\/slottspaviljongen.se\/","logo":{"@type":"ImageObject","inLanguage":"en-US","@id":"https:\/\/slottspaviljongen.se\/#\/schema\/logo\/image\/","url":"https:\/\/slottspaviljongen.se\/wp-content\/uploads\/2025\/05\/Slottspaviljongen-ikon.png","contentUrl":"https:\/\/slottspaviljongen.se\/wp-content\/uploads\/2025\/05\/Slottspaviljongen-ikon.png","width":500,"height":500,"caption":"Slottspaviljongen"},"image":{"@id":"https:\/\/slottspaviljongen.se\/#\/schema\/logo\/image\/"},"sameAs":["https:\/\/www.facebook.com\/slottspaviljongen\/?locale=sv_SE","https:\/\/www.instagram.com\/slottspaviljongen\/"]}]}},"_links":{"self":[{"href":"https:\/\/slottspaviljongen.se\/en\/wp-json\/wp\/v2\/pages\/707","targetHints":{"allow":["GET"]}}],"collection":[{"href":"https:\/\/slottspaviljongen.se\/en\/wp-json\/wp\/v2\/pages"}],"about":[{"href":"https:\/\/slottspaviljongen.se\/en\/wp-json\/wp\/v2\/types\/page"}],"author":[{"embeddable":true,"href":"https:\/\/slottspaviljongen.se\/en\/wp-json\/wp\/v2\/users\/1"}],"replies":[{"embeddable":true,"href":"https:\/\/slottspaviljongen.se\/en\/wp-json\/wp\/v2\/comments?post=707"}],"version-history":[{"count":7,"href":"https:\/\/slottspaviljongen.se\/en\/wp-json\/wp\/v2\/pages\/707\/revisions"}],"predecessor-version":[{"id":821,"href":"https:\/\/slottspaviljongen.se\/en\/wp-json\/wp\/v2\/pages\/707\/revisions\/821"}],"wp:featuredmedia":[{"embeddable":true,"href":"https:\/\/slottspaviljongen.se\/en\/wp-json\/wp\/v2\/media\/592"}],"wp:attachment":[{"href":"https:\/\/slottspaviljongen.se\/en\/wp-json\/wp\/v2\/media?parent=707"}],"curies":[{"name":"wp","href":"https:\/\/api.w.org\/{rel}","templated":true}]}}