{"id":258,"date":"2025-04-29T18:06:16","date_gmt":"2025-04-29T18:06:16","guid":{"rendered":"https:\/\/slottspaviljongen.se\/?page_id=258"},"modified":"2025-05-05T15:18:39","modified_gmt":"2025-05-05T15:18:39","slug":"cookies","status":"publish","type":"page","link":"https:\/\/slottspaviljongen.se\/en\/cookies\/","title":{"rendered":"Cookies"},"content":{"rendered":"<div data-elementor-type=\"wp-page\" data-elementor-id=\"258\" class=\"elementor elementor-258\" data-elementor-post-type=\"page\">\n\t\t\t\t<div class=\"elementor-element elementor-element-cc9023b e-flex e-con-boxed e-con e-parent\" data-id=\"cc9023b\" data-element_type=\"container\" data-settings=\"{&quot;background_background&quot;:&quot;classic&quot;}\">\n\t\t\t\t\t<div class=\"e-con-inner\">\n\t\t<div class=\"elementor-element elementor-element-85a2a37 e-con-full e-flex elementor-invisible e-con e-child\" data-id=\"85a2a37\" data-element_type=\"container\" data-settings=\"{&quot;animation&quot;:&quot;fadeIn&quot;}\">\n\t\t\t\t<div class=\"elementor-element elementor-element-d7ebc48 elementor-widget elementor-widget-heading\" data-id=\"d7ebc48\" data-element_type=\"widget\" data-widget_type=\"heading.default\">\n\t\t\t\t<div class=\"elementor-widget-container\">\n\t\t\t\t\t<h2 class=\"elementor-heading-title elementor-size-default\">coo<span style=\"color: #EF725F\">kies<\/span><\/h2>\t\t\t\t<\/div>\n\t\t\t\t<\/div>\n\t\t\t\t<div class=\"elementor-element elementor-element-d945fa0 elementor-widget elementor-widget-text-editor\" data-id=\"d945fa0\" data-element_type=\"widget\" data-widget_type=\"text-editor.default\">\n\t\t\t\t<div class=\"elementor-widget-container\">\n\t\t\t\t\t\t\t\t\t<p>The Slottspaviljongen website uses cookies and similar technologies (hereinafter referred to as \u201ccookies\u201d). Cookies may also be placed and used by third parties, such as ad networks and advertisers. A cookie is a small file that is sent along with pages from this website and stored by the browser on your computer's hard drive.<\/p><h5><strong>Functional Cookies<\/strong><\/h5><p>Functional cookies help make the website more user-friendly by enabling basic functions such as page navigation and access to secure parts of the website. Without these cookies, the website will not function properly. The use of functional cookies does not require permission from visitors.<br \/><br \/><\/p><h5><strong>Analytical cookies<\/strong><\/h5><p>Analytical cookies help determine which parts of a website are most interesting to visitors. They measure, for example, the number of visitors to the website and which parts of the website they visit most often. The information collected is used for statistics and to make the website's structure, navigation and content as user-friendly as possible. Statistics and other reports do not refer to individuals. By anonymizing some analytical cookies, they can be placed without the visitors' consent.<br \/><br \/><\/p><h5><strong>Tracking cookies<\/strong><\/h5><p>Tracking cookies are used to find out which pages are visited and to build a profile that shows the visitors' online movement behavior. This profile is also based on comparable information from other websites. The profile is not linked to any name, (email address) or similar, but only serves to make advertisements as relevant as possible to a visitor's profile.<\/p>\t\t\t\t\t\t\t\t<\/div>\n\t\t\t\t<\/div>\n\t\t\t\t<\/div>\n\t\t\t\t\t<\/div>\n\t\t\t\t<\/div>\n\t\t\t\t<\/div>","protected":false},"excerpt":{"rendered":"<p>cookies Slottspaviljongen\u00b4s webbplats anv\u00e4nder cookies och liknande teknologi (h\u00e4r ben\u00e4mnd som \u201ccookies\u201d). Cookies kan ocks\u00e5 placeras och anv\u00e4ndas av tredje part, t.ex. annonsn\u00e4tverk och annons\u00f6rer. En cookie \u00e4r en liten fil som skickas tillsammans med sidor fr\u00e5n den h\u00e4r webbplatsen och lagras av webbl\u00e4saren p\u00e5 datorns h\u00e5rddisk. Funktionella Cookies Funktionella cookies hj\u00e4lper till att g\u00f6ra [&hellip;]<\/p>","protected":false},"author":1,"featured_media":592,"parent":0,"menu_order":0,"comment_status":"closed","ping_status":"closed","template":"elementor_header_footer","meta":{"footnotes":""},"class_list":["post-258","page","type-page","status-publish","has-post-thumbnail","hentry"],"yoast_head":"<!-- This site is optimized with the Yoast SEO plugin v26.0 - https:\/\/yoast.com\/wordpress\/plugins\/seo\/ -->\n<title>Cookies - Upplev mer \u00e4n en m\u00e5ltid<\/title>\n<meta name=\"robots\" content=\"index, follow, max-snippet:-1, max-image-preview:large, max-video-preview:-1\" \/>\n<link rel=\"canonical\" href=\"https:\/\/slottspaviljongen.se\/en\/cookies\/\" \/>\n<meta property=\"og:locale\" content=\"en_US\" \/>\n<meta property=\"og:type\" content=\"article\" \/>\n<meta property=\"og:title\" content=\"Cookies\" \/>\n<meta property=\"og:description\" content=\"cookies Slottspaviljongen\u00b4s webbplats anv\u00e4nder cookies och liknande teknologi (h\u00e4r ben\u00e4mnd som \u201ccookies\u201d). Cookies kan ocks\u00e5 placeras och anv\u00e4ndas av tredje part, t.ex. annonsn\u00e4tverk och annons\u00f6rer. En cookie \u00e4r en liten fil som skickas tillsammans med sidor fr\u00e5n den h\u00e4r webbplatsen och lagras av webbl\u00e4saren p\u00e5 datorns h\u00e5rddisk. Funktionella Cookies Funktionella cookies hj\u00e4lper till att g\u00f6ra [&hellip;]\" \/>\n<meta property=\"og:url\" content=\"https:\/\/slottspaviljongen.se\/en\/cookies\/\" \/>\n<meta property=\"og:site_name\" content=\"Upplev mer \u00e4n en m\u00e5ltid\" \/>\n<meta property=\"article:publisher\" content=\"https:\/\/www.facebook.com\/slottspaviljongen\/?locale=sv_SE\" \/>\n<meta property=\"article:modified_time\" content=\"2025-05-05T15:18:39+00:00\" \/>\n<meta property=\"og:image\" content=\"https:\/\/slottspaviljongen.se\/wp-content\/uploads\/2025\/05\/Slottspaviljongen.png\" \/>\n\t<meta property=\"og:image:width\" content=\"856\" \/>\n\t<meta property=\"og:image:height\" content=\"500\" \/>\n\t<meta property=\"og:image:type\" content=\"image\/png\" \/>\n<meta name=\"twitter:card\" content=\"summary_large_image\" \/>\n<meta name=\"twitter:title\" content=\"Cookies\" \/>\n<meta name=\"twitter:image\" content=\"https:\/\/slottspaviljongen.se\/wp-content\/uploads\/2025\/05\/Slottspaviljongen.png\" \/>\n<meta name=\"twitter:label1\" content=\"Est. reading time\" \/>\n\t<meta name=\"twitter:data1\" content=\"2 minutes\" \/>\n<script type=\"application\/ld+json\" class=\"yoast-schema-graph\">{\"@context\":\"https:\/\/schema.org\",\"@graph\":[{\"@type\":\"WebPage\",\"@id\":\"https:\/\/slottspaviljongen.se\/cookies\/\",\"url\":\"https:\/\/slottspaviljongen.se\/cookies\/\",\"name\":\"Cookies - Upplev mer \u00e4n en m\u00e5ltid\",\"isPartOf\":{\"@id\":\"https:\/\/slottspaviljongen.se\/#website\"},\"primaryImageOfPage\":{\"@id\":\"https:\/\/slottspaviljongen.se\/cookies\/#primaryimage\"},\"image\":{\"@id\":\"https:\/\/slottspaviljongen.se\/cookies\/#primaryimage\"},\"thumbnailUrl\":\"https:\/\/slottspaviljongen.se\/wp-content\/uploads\/2025\/05\/Slottspaviljongen.png\",\"datePublished\":\"2025-04-29T18:06:16+00:00\",\"dateModified\":\"2025-05-05T15:18:39+00:00\",\"breadcrumb\":{\"@id\":\"https:\/\/slottspaviljongen.se\/cookies\/#breadcrumb\"},\"inLanguage\":\"en-US\",\"potentialAction\":[{\"@type\":\"ReadAction\",\"target\":[\"https:\/\/slottspaviljongen.se\/cookies\/\"]}]},{\"@type\":\"ImageObject\",\"inLanguage\":\"en-US\",\"@id\":\"https:\/\/slottspaviljongen.se\/cookies\/#primaryimage\",\"url\":\"https:\/\/slottspaviljongen.se\/wp-content\/uploads\/2025\/05\/Slottspaviljongen.png\",\"contentUrl\":\"https:\/\/slottspaviljongen.se\/wp-content\/uploads\/2025\/05\/Slottspaviljongen.png\",\"width\":856,\"height\":500,\"caption\":\"Slottspaviljongen\"},{\"@type\":\"BreadcrumbList\",\"@id\":\"https:\/\/slottspaviljongen.se\/cookies\/#breadcrumb\",\"itemListElement\":[{\"@type\":\"ListItem\",\"position\":1,\"name\":\"Hem\",\"item\":\"https:\/\/slottspaviljongen.se\/\"},{\"@type\":\"ListItem\",\"position\":2,\"name\":\"Cookies\"}]},{\"@type\":\"WebSite\",\"@id\":\"https:\/\/slottspaviljongen.se\/#website\",\"url\":\"https:\/\/slottspaviljongen.se\/\",\"name\":\"Slottspaviljongen\",\"description\":\"Upplev mer \u00e4n en m\u00e5ltid\",\"publisher\":{\"@id\":\"https:\/\/slottspaviljongen.se\/#organization\"},\"potentialAction\":[{\"@type\":\"SearchAction\",\"target\":{\"@type\":\"EntryPoint\",\"urlTemplate\":\"https:\/\/slottspaviljongen.se\/?s={search_term_string}\"},\"query-input\":{\"@type\":\"PropertyValueSpecification\",\"valueRequired\":true,\"valueName\":\"search_term_string\"}}],\"inLanguage\":\"en-US\"},{\"@type\":\"Organization\",\"@id\":\"https:\/\/slottspaviljongen.se\/#organization\",\"name\":\"Slottspaviljongen\",\"url\":\"https:\/\/slottspaviljongen.se\/\",\"logo\":{\"@type\":\"ImageObject\",\"inLanguage\":\"en-US\",\"@id\":\"https:\/\/slottspaviljongen.se\/#\/schema\/logo\/image\/\",\"url\":\"https:\/\/slottspaviljongen.se\/wp-content\/uploads\/2025\/05\/Slottspaviljongen-ikon.png\",\"contentUrl\":\"https:\/\/slottspaviljongen.se\/wp-content\/uploads\/2025\/05\/Slottspaviljongen-ikon.png\",\"width\":500,\"height\":500,\"caption\":\"Slottspaviljongen\"},\"image\":{\"@id\":\"https:\/\/slottspaviljongen.se\/#\/schema\/logo\/image\/\"},\"sameAs\":[\"https:\/\/www.facebook.com\/slottspaviljongen\/?locale=sv_SE\",\"https:\/\/www.instagram.com\/slottspaviljongen\/\"]}]}<\/script>\n<!-- \/ Yoast SEO plugin. -->","yoast_head_json":{"title":"Cookies - Upplev mer \u00e4n en m\u00e5ltid","robots":{"index":"index","follow":"follow","max-snippet":"max-snippet:-1","max-image-preview":"max-image-preview:large","max-video-preview":"max-video-preview:-1"},"canonical":"https:\/\/slottspaviljongen.se\/en\/cookies\/","og_locale":"en_US","og_type":"article","og_title":"Cookies","og_description":"cookies Slottspaviljongen\u00b4s webbplats anv\u00e4nder cookies och liknande teknologi (h\u00e4r ben\u00e4mnd som \u201ccookies\u201d). Cookies kan ocks\u00e5 placeras och anv\u00e4ndas av tredje part, t.ex. annonsn\u00e4tverk och annons\u00f6rer. En cookie \u00e4r en liten fil som skickas tillsammans med sidor fr\u00e5n den h\u00e4r webbplatsen och lagras av webbl\u00e4saren p\u00e5 datorns h\u00e5rddisk. Funktionella Cookies Funktionella cookies hj\u00e4lper till att g\u00f6ra [&hellip;]","og_url":"https:\/\/slottspaviljongen.se\/en\/cookies\/","og_site_name":"Upplev mer \u00e4n en m\u00e5ltid","article_publisher":"https:\/\/www.facebook.com\/slottspaviljongen\/?locale=sv_SE","article_modified_time":"2025-05-05T15:18:39+00:00","og_image":[{"width":856,"height":500,"url":"https:\/\/slottspaviljongen.se\/wp-content\/uploads\/2025\/05\/Slottspaviljongen.png","type":"image\/png"}],"twitter_card":"summary_large_image","twitter_title":"Cookies","twitter_image":"https:\/\/slottspaviljongen.se\/wp-content\/uploads\/2025\/05\/Slottspaviljongen.png","twitter_misc":{"Est. reading time":"2 minutes"},"schema":{"@context":"https:\/\/schema.org","@graph":[{"@type":"WebPage","@id":"https:\/\/slottspaviljongen.se\/cookies\/","url":"https:\/\/slottspaviljongen.se\/cookies\/","name":"Cookies - Upplev mer \u00e4n en m\u00e5ltid","isPartOf":{"@id":"https:\/\/slottspaviljongen.se\/#website"},"primaryImageOfPage":{"@id":"https:\/\/slottspaviljongen.se\/cookies\/#primaryimage"},"image":{"@id":"https:\/\/slottspaviljongen.se\/cookies\/#primaryimage"},"thumbnailUrl":"https:\/\/slottspaviljongen.se\/wp-content\/uploads\/2025\/05\/Slottspaviljongen.png","datePublished":"2025-04-29T18:06:16+00:00","dateModified":"2025-05-05T15:18:39+00:00","breadcrumb":{"@id":"https:\/\/slottspaviljongen.se\/cookies\/#breadcrumb"},"inLanguage":"en-US","potentialAction":[{"@type":"ReadAction","target":["https:\/\/slottspaviljongen.se\/cookies\/"]}]},{"@type":"ImageObject","inLanguage":"en-US","@id":"https:\/\/slottspaviljongen.se\/cookies\/#primaryimage","url":"https:\/\/slottspaviljongen.se\/wp-content\/uploads\/2025\/05\/Slottspaviljongen.png","contentUrl":"https:\/\/slottspaviljongen.se\/wp-content\/uploads\/2025\/05\/Slottspaviljongen.png","width":856,"height":500,"caption":"Slottspaviljongen"},{"@type":"BreadcrumbList","@id":"https:\/\/slottspaviljongen.se\/cookies\/#breadcrumb","itemListElement":[{"@type":"ListItem","position":1,"name":"Hem","item":"https:\/\/slottspaviljongen.se\/"},{"@type":"ListItem","position":2,"name":"Cookies"}]},{"@type":"WebSite","@id":"https:\/\/slottspaviljongen.se\/#website","url":"https:\/\/slottspaviljongen.se\/","name":"Slottspaviljongen","description":"Upplev mer \u00e4n en m\u00e5ltid","publisher":{"@id":"https:\/\/slottspaviljongen.se\/#organization"},"potentialAction":[{"@type":"SearchAction","target":{"@type":"EntryPoint","urlTemplate":"https:\/\/slottspaviljongen.se\/?s={search_term_string}"},"query-input":{"@type":"PropertyValueSpecification","valueRequired":true,"valueName":"search_term_string"}}],"inLanguage":"en-US"},{"@type":"Organization","@id":"https:\/\/slottspaviljongen.se\/#organization","name":"Slottspaviljongen","url":"https:\/\/slottspaviljongen.se\/","logo":{"@type":"ImageObject","inLanguage":"en-US","@id":"https:\/\/slottspaviljongen.se\/#\/schema\/logo\/image\/","url":"https:\/\/slottspaviljongen.se\/wp-content\/uploads\/2025\/05\/Slottspaviljongen-ikon.png","contentUrl":"https:\/\/slottspaviljongen.se\/wp-content\/uploads\/2025\/05\/Slottspaviljongen-ikon.png","width":500,"height":500,"caption":"Slottspaviljongen"},"image":{"@id":"https:\/\/slottspaviljongen.se\/#\/schema\/logo\/image\/"},"sameAs":["https:\/\/www.facebook.com\/slottspaviljongen\/?locale=sv_SE","https:\/\/www.instagram.com\/slottspaviljongen\/"]}]}},"_links":{"self":[{"href":"https:\/\/slottspaviljongen.se\/en\/wp-json\/wp\/v2\/pages\/258","targetHints":{"allow":["GET"]}}],"collection":[{"href":"https:\/\/slottspaviljongen.se\/en\/wp-json\/wp\/v2\/pages"}],"about":[{"href":"https:\/\/slottspaviljongen.se\/en\/wp-json\/wp\/v2\/types\/page"}],"author":[{"embeddable":true,"href":"https:\/\/slottspaviljongen.se\/en\/wp-json\/wp\/v2\/users\/1"}],"replies":[{"embeddable":true,"href":"https:\/\/slottspaviljongen.se\/en\/wp-json\/wp\/v2\/comments?post=258"}],"version-history":[{"count":20,"href":"https:\/\/slottspaviljongen.se\/en\/wp-json\/wp\/v2\/pages\/258\/revisions"}],"predecessor-version":[{"id":594,"href":"https:\/\/slottspaviljongen.se\/en\/wp-json\/wp\/v2\/pages\/258\/revisions\/594"}],"wp:featuredmedia":[{"embeddable":true,"href":"https:\/\/slottspaviljongen.se\/en\/wp-json\/wp\/v2\/media\/592"}],"wp:attachment":[{"href":"https:\/\/slottspaviljongen.se\/en\/wp-json\/wp\/v2\/media?parent=258"}],"curies":[{"name":"wp","href":"https:\/\/api.w.org\/{rel}","templated":true}]}}