{"id":172,"date":"2025-04-28T18:19:46","date_gmt":"2025-04-28T18:19:46","guid":{"rendered":"https:\/\/slottspaviljongen.se\/?page_id=172"},"modified":"2025-05-26T21:00:07","modified_gmt":"2025-05-26T21:00:07","slug":"kontakt","status":"publish","type":"page","link":"https:\/\/slottspaviljongen.se\/en\/kontakt\/","title":{"rendered":"Contact"},"content":{"rendered":"<div data-elementor-type=\"wp-page\" data-elementor-id=\"172\" class=\"elementor elementor-172\" data-elementor-post-type=\"page\">\n\t\t\t\t<div class=\"elementor-element elementor-element-ed8e4db e-flex e-con-boxed e-con e-parent\" data-id=\"ed8e4db\" data-element_type=\"container\" data-settings=\"{&quot;background_background&quot;:&quot;classic&quot;}\">\n\t\t\t\t\t<div class=\"e-con-inner\">\n\t\t<main class=\"elementor-element elementor-element-fd45202 e-con-full animated-slow e-flex elementor-invisible e-con e-child\" data-id=\"fd45202\" data-element_type=\"container\" data-settings=\"{&quot;animation&quot;:&quot;fadeIn&quot;}\">\n\t\t\t\t<div class=\"elementor-element elementor-element-35e83c4 elementor-widget elementor-widget-heading\" data-id=\"35e83c4\" data-element_type=\"widget\" data-widget_type=\"heading.default\">\n\t\t\t\t<div class=\"elementor-widget-container\">\n\t\t\t\t\t<h1 class=\"elementor-heading-title elementor-size-default\">CONTACT US<\/h1>\t\t\t\t<\/div>\n\t\t\t\t<\/div>\n\t\t\t\t<div class=\"elementor-element elementor-element-654bc35 elementor-widget elementor-widget-text-editor\" data-id=\"654bc35\" data-element_type=\"widget\" data-widget_type=\"text-editor.default\">\n\t\t\t\t<div class=\"elementor-widget-container\">\n\t\t\t\t\t\t\t\t\t<p>Do you have any questions, concerns or just want to know more? Don't hesitate to get in touch \u2013 we're more than happy to help you! You are most welcome to contact us by phone or email.<\/p>\t\t\t\t\t\t\t\t<\/div>\n\t\t\t\t<\/div>\n\t\t\t\t<div class=\"elementor-element elementor-element-997b1b9 elementor-widget elementor-widget-button\" data-id=\"997b1b9\" data-element_type=\"widget\" data-widget_type=\"button.default\">\n\t\t\t\t<div class=\"elementor-widget-container\">\n\t\t\t\t\t\t\t\t\t<div class=\"elementor-button-wrapper\">\n\t\t\t\t\t<a class=\"elementor-button elementor-button-link elementor-size-sm\" href=\"#kontakt\">\n\t\t\t\t\t\t<span class=\"elementor-button-content-wrapper\">\n\t\t\t\t\t\t<span class=\"elementor-button-icon\">\n\t\t\t\t<svg aria-hidden=\"true\" class=\"e-font-icon-svg e-fas-angle-down\" viewbox=\"0 0 320 512\" xmlns=\"http:\/\/www.w3.org\/2000\/svg\"><path d=\"M143 352.3L7 216.3c-9.4-9.4-9.4-24.6 0-33.9l22.6-22.6c9.4-9.4 24.6-9.4 33.9 0l96.4 96.4 96.4-96.4c9.4-9.4 24.6-9.4 33.9 0l22.6 22.6c9.4 9.4 9.4 24.6 0 33.9l-136 136c-9.2 9.4-24.4 9.4-33.8 0z\"><\/path><\/svg>\t\t\t<\/span>\n\t\t\t\t\t\t\t\t\t<span class=\"elementor-button-text\">contact<\/span>\n\t\t\t\t\t<\/span>\n\t\t\t\t\t<\/a>\n\t\t\t\t<\/div>\n\t\t\t\t\t\t\t\t<\/div>\n\t\t\t\t<\/div>\n\t\t\t\t<\/main>\n\t\t\t\t\t<\/div>\n\t\t\t\t<\/div>\n\t\t<div class=\"elementor-element elementor-element-4a8be14 e-flex e-con-boxed e-con e-parent\" data-id=\"4a8be14\" data-element_type=\"container\" data-settings=\"{&quot;background_background&quot;:&quot;classic&quot;}\">\n\t\t\t\t\t<div class=\"e-con-inner\">\n\t\t<div class=\"elementor-element elementor-element-bf88bb9 e-con-full animated-slow e-flex elementor-invisible e-con e-child\" data-id=\"bf88bb9\" data-element_type=\"container\" data-settings=\"{&quot;animation&quot;:&quot;fadeIn&quot;}\">\n\t\t<div class=\"elementor-element elementor-element-f4adc82 e-con-full e-flex e-con e-child\" data-id=\"f4adc82\" data-element_type=\"container\">\n\t\t\t\t<div class=\"elementor-element elementor-element-9b3b732 elementor-widget elementor-widget-menu-anchor\" data-id=\"9b3b732\" data-element_type=\"widget\" data-widget_type=\"menu-anchor.default\">\n\t\t\t\t<div class=\"elementor-widget-container\">\n\t\t\t\t\t\t\t<div class=\"elementor-menu-anchor\" id=\"kontakt\"><\/div>\n\t\t\t\t\t\t<\/div>\n\t\t\t\t<\/div>\n\t\t\t\t<div class=\"elementor-element elementor-element-08b1c30 elementor-widget elementor-widget-heading\" data-id=\"08b1c30\" data-element_type=\"widget\" data-widget_type=\"heading.default\">\n\t\t\t\t<div class=\"elementor-widget-container\">\n\t\t\t\t\t<h2 class=\"elementor-heading-title elementor-size-default translation-block\">How can we <span style=\"color: #FFCB70\">help<\/span> you?<\/h2>\t\t\t\t<\/div>\n\t\t\t\t<\/div>\n\t\t\t\t<div class=\"elementor-element elementor-element-2f6209b elementor-widget elementor-widget-text-editor\" data-id=\"2f6209b\" data-element_type=\"widget\" data-widget_type=\"text-editor.default\">\n\t\t\t\t<div class=\"elementor-widget-container\">\n\t\t\t\t\t\t\t\t\t<div data-id=\"a6fd291\" data-element_type=\"widget\" data-widget_type=\"text-editor.default\"><div><p>Below you will find our information, feel more than welcome to contact us with your question or concern.<\/p><\/div><\/div>\t\t\t\t\t\t\t\t<\/div>\n\t\t\t\t<\/div>\n\t\t\t\t<div class=\"elementor-element elementor-element-15608e0 elementor-list-item-link-inline elementor-icon-list--layout-traditional elementor-widget elementor-widget-icon-list\" data-id=\"15608e0\" data-element_type=\"widget\" data-widget_type=\"icon-list.default\">\n\t\t\t\t<div class=\"elementor-widget-container\">\n\t\t\t\t\t\t\t<ul class=\"elementor-icon-list-items\">\n\t\t\t\t\t\t\t<li class=\"elementor-icon-list-item\">\n\t\t\t\t\t\t\t\t\t\t\t<a href=\"tel:015910023\">\n\n\t\t\t\t\t\t\t\t\t\t\t\t<span class=\"elementor-icon-list-icon\">\n\t\t\t\t\t\t\t<svg aria-hidden=\"true\" class=\"e-font-icon-svg e-fas-phone-alt\" viewbox=\"0 0 512 512\" xmlns=\"http:\/\/www.w3.org\/2000\/svg\"><path d=\"M497.39 361.8l-112-48a24 24 0 0 0-28 6.9l-49.6 60.6A370.66 370.66 0 0 1 130.6 204.11l60.6-49.6a23.94 23.94 0 0 0 6.9-28l-48-112A24.16 24.16 0 0 0 122.6.61l-104 24A24 24 0 0 0 0 48c0 256.5 207.9 464 464 464a24 24 0 0 0 23.4-18.6l24-104a24.29 24.29 0 0 0-14.01-27.6z\"><\/path><\/svg>\t\t\t\t\t\t<\/span>\n\t\t\t\t\t\t\t\t\t\t<span class=\"elementor-icon-list-text\">015910023<\/span>\n\t\t\t\t\t\t\t\t\t\t\t<\/a>\n\t\t\t\t\t\t\t\t\t<\/li>\n\t\t\t\t\t\t\t\t<li class=\"elementor-icon-list-item\">\n\t\t\t\t\t\t\t\t\t\t\t<a href=\"mailto:kontakt@slottspaviljongen.se?subject=Hur%20kan%20vi%20hj\u00e4lpa%20dig?&#038;body=Skriv%20ditt%20meddelande%20h\u00e4r\">\n\n\t\t\t\t\t\t\t\t\t\t\t\t<span class=\"elementor-icon-list-icon\">\n\t\t\t\t\t\t\t<svg aria-hidden=\"true\" class=\"e-font-icon-svg e-fas-envelope\" viewbox=\"0 0 512 512\" xmlns=\"http:\/\/www.w3.org\/2000\/svg\"><path d=\"M502.3 190.8c3.9-3.1 9.7-.2 9.7 4.7V400c0 26.5-21.5 48-48 48H48c-26.5 0-48-21.5-48-48V195.6c0-5 5.7-7.8 9.7-4.7 22.4 17.4 52.1 39.5 154.1 113.6 21.1 15.4 56.7 47.8 92.2 47.6 35.7.3 72-32.8 92.3-47.6 102-74.1 131.6-96.3 154-113.7zM256 320c23.2.4 56.6-29.2 73.4-41.4 132.7-96.3 142.8-104.7 173.4-128.7 5.8-4.5 9.2-11.5 9.2-18.9v-19c0-26.5-21.5-48-48-48H48C21.5 64 0 85.5 0 112v19c0 7.4 3.4 14.3 9.2 18.9 30.6 23.9 40.7 32.4 173.4 128.7 16.8 12.2 50.2 41.8 73.4 41.4z\"><\/path><\/svg>\t\t\t\t\t\t<\/span>\n\t\t\t\t\t\t\t\t\t\t<span class=\"elementor-icon-list-text\">kontakt@slottspaviljongen.se<\/span>\n\t\t\t\t\t\t\t\t\t\t\t<\/a>\n\t\t\t\t\t\t\t\t\t<\/li>\n\t\t\t\t\t\t\t\t<li class=\"elementor-icon-list-item\">\n\t\t\t\t\t\t\t\t\t\t\t<a href=\"https:\/\/www.google.com\/maps\/place\/\/data=!4m2!3m1!1s0x465f034b9f1ddf0b:0x800ef2d537487241?sa=X&#038;ved=1t:8290&#038;ictx=111\" target=\"_blank\">\n\n\t\t\t\t\t\t\t\t\t\t\t\t<span class=\"elementor-icon-list-icon\">\n\t\t\t\t\t\t\t<svg aria-hidden=\"true\" class=\"e-font-icon-svg e-fas-map-pin\" viewbox=\"0 0 288 512\" xmlns=\"http:\/\/www.w3.org\/2000\/svg\"><path d=\"M112 316.94v156.69l22.02 33.02c4.75 7.12 15.22 7.12 19.97 0L176 473.63V316.94c-10.39 1.92-21.06 3.06-32 3.06s-21.61-1.14-32-3.06zM144 0C64.47 0 0 64.47 0 144s64.47 144 144 144 144-64.47 144-144S223.53 0 144 0zm0 76c-37.5 0-68 30.5-68 68 0 6.62-5.38 12-12 12s-12-5.38-12-12c0-50.73 41.28-92 92-92 6.62 0 12 5.38 12 12s-5.38 12-12 12z\"><\/path><\/svg>\t\t\t\t\t\t<\/span>\n\t\t\t\t\t\t\t\t\t\t<span class=\"elementor-icon-list-text\">Gripsholm Lottenlund, 647 30 Mariefred<\/span>\n\t\t\t\t\t\t\t\t\t\t\t<\/a>\n\t\t\t\t\t\t\t\t\t<\/li>\n\t\t\t\t\t\t<\/ul>\n\t\t\t\t\t\t<\/div>\n\t\t\t\t<\/div>\n\t\t\t\t<\/div>\n\t\t<div class=\"elementor-element elementor-element-f8ebc23 e-con-full e-flex e-con e-child\" data-id=\"f8ebc23\" data-element_type=\"container\">\n\t\t\t\t<div class=\"elementor-element elementor-element-0377d31 elementor-button-align-start elementor-widget elementor-widget-form\" data-id=\"0377d31\" data-element_type=\"widget\" data-settings=\"{&quot;step_next_label&quot;:&quot;N\\u00e4sta&quot;,&quot;step_previous_label&quot;:&quot;F\\u00f6reg\\u00e5ende&quot;,&quot;button_width&quot;:&quot;100&quot;,&quot;step_type&quot;:&quot;number_text&quot;,&quot;step_icon_shape&quot;:&quot;circle&quot;}\" data-widget_type=\"form.default\">\n\t\t\t\t<div class=\"elementor-widget-container\">\n\t\t\t\t\t\t\t<form class=\"elementor-form\" method=\"post\" name=\"Kontakt\" aria-label=\"Contact\" action=\"\">\n\t\t\t<input type=\"hidden\" name=\"post_id\" value=\"172\"\/>\n\t\t\t<input type=\"hidden\" name=\"form_id\" value=\"0377d31\"\/>\n\t\t\t<input type=\"hidden\" name=\"referer_title\" value=\"Kontakt - Upplev mer \u00e4n en m\u00e5ltid\" \/>\n\n\t\t\t\t\t\t\t<input type=\"hidden\" name=\"queried_id\" value=\"172\"\/>\n\t\t\t\n\t\t\t<div class=\"elementor-form-fields-wrapper elementor-labels-\">\n\t\t\t\t\t\t\t\t<div class=\"elementor-field-type-text elementor-field-group elementor-column elementor-field-group-name elementor-col-50 elementor-sm-50\">\n\t\t\t\t\t\t\t\t\t\t\t\t<label for=\"form-field-name\" class=\"elementor-field-label elementor-screen-only\">\n\t\t\t\t\t\t\t\tFull names\t\t\t\t\t\t\t<\/label>\n\t\t\t\t\t\t\t\t\t\t\t\t\t\t<input size=\"1\" type=\"text\" name=\"form_fields[name]\" id=\"form-field-name\" class=\"elementor-field elementor-size-sm  elementor-field-textual\" placeholder=\"Full names\">\n\t\t\t\t\t\t\t\t\t\t\t<\/div>\n\t\t\t\t\t\t\t\t<div class=\"elementor-field-type-tel elementor-field-group elementor-column elementor-field-group-field_2db96bd elementor-col-50 elementor-sm-50\">\n\t\t\t\t\t\t\t\t\t\t\t\t<label for=\"form-field-field_2db96bd\" class=\"elementor-field-label elementor-screen-only\">\n\t\t\t\t\t\t\t\tPhone\t\t\t\t\t\t\t<\/label>\n\t\t\t\t\t\t\t\t<input size=\"1\" type=\"tel\" name=\"form_fields[field_2db96bd]\" id=\"form-field-field_2db96bd\" class=\"elementor-field elementor-size-sm  elementor-field-textual\" placeholder=\"Phone\" pattern=\"[0-9()#&amp;+*-=.]+\" title=\"Endast siffror och telefontecken (#, -, *, etc) accepteras.\">\n\n\t\t\t\t\t\t<\/div>\n\t\t\t\t\t\t\t\t<div class=\"elementor-field-type-email elementor-field-group elementor-column elementor-field-group-email elementor-col-50 elementor-sm-50 elementor-field-required\">\n\t\t\t\t\t\t\t\t\t\t\t\t<label for=\"form-field-email\" class=\"elementor-field-label elementor-screen-only\">\n\t\t\t\t\t\t\t\tE-mail\t\t\t\t\t\t\t<\/label>\n\t\t\t\t\t\t\t\t\t\t\t\t\t\t<input size=\"1\" type=\"email\" name=\"form_fields[email]\" id=\"form-field-email\" class=\"elementor-field elementor-size-sm  elementor-field-textual\" placeholder=\"E-mail\" required=\"required\">\n\t\t\t\t\t\t\t\t\t\t\t<\/div>\n\t\t\t\t\t\t\t\t<div class=\"elementor-field-type-select elementor-field-group elementor-column elementor-field-group-field_0bf054d elementor-col-50 elementor-sm-50 elementor-field-required\">\n\t\t\t\t\t\t\t\t\t\t\t\t<label for=\"form-field-field_0bf054d\" class=\"elementor-field-label elementor-screen-only\">\n\t\t\t\t\t\t\t\t\u00c4rende\t\t\t\t\t\t\t<\/label>\n\t\t\t\t\t\t\t\t<div class=\"elementor-field elementor-select-wrapper remove-before\">\n\t\t\t<div class=\"select-caret-down-wrapper\">\n\t\t\t\t<svg aria-hidden=\"true\" class=\"e-font-icon-svg e-eicon-caret-down\" viewbox=\"0 0 571.4 571.4\" xmlns=\"http:\/\/www.w3.org\/2000\/svg\"><path d=\"M571 393Q571 407 561 418L311 668Q300 679 286 679T261 668L11 418Q0 407 0 393T11 368 36 357H536Q550 357 561 368T571 393Z\"><\/path><\/svg>\t\t\t<\/div>\n\t\t\t<select name=\"form_fields[field_0bf054d]\" id=\"form-field-field_0bf054d\" class=\"elementor-field-textual elementor-size-sm\" required=\"required\">\n\t\t\t\t\t\t\t\t\t<option value=\"-- \u00c4rende --\">-- Subject --<\/option>\n\t\t\t\t\t\t\t\t\t<option value=\"Fr\u00e5ga\">Question<\/option>\n\t\t\t\t\t\t\t\t\t<option value=\"Event\">Events<\/option>\n\t\t\t\t\t\t\t\t\t<option value=\"Catering\">Catering<\/option>\n\t\t\t\t\t\t\t\t\t<option value=\"Bokning\">Reservation<\/option>\n\t\t\t\t\t\t\t\t\t<option value=\"\u00d6vrigt\">Other<\/option>\n\t\t\t\t\t\t\t<\/select>\n\t\t<\/div>\n\t\t\t\t\t\t<\/div>\n\t\t\t\t\t\t\t\t<div class=\"elementor-field-type-textarea elementor-field-group elementor-column elementor-field-group-message elementor-col-100\">\n\t\t\t\t\t\t\t\t\t\t\t\t<label for=\"form-field-message\" class=\"elementor-field-label elementor-screen-only\">\n\t\t\t\t\t\t\t\tMeddelande\t\t\t\t\t\t\t<\/label>\n\t\t\t\t\t\t<textarea class=\"elementor-field-textual elementor-field  elementor-size-sm\" name=\"form_fields[message]\" id=\"form-field-message\" rows=\"4\" placeholder=\"Write your message here\"><\/textarea>\t\t\t\t<\/div>\n\t\t\t\t\t\t\t\t<div class=\"elementor-field-type-recaptcha_v3 elementor-field-group elementor-column elementor-field-group-field_ab268f5 elementor-col-100 recaptcha_v3-bottomright\">\n\t\t\t\t\t<div class=\"elementor-field\" id=\"form-field-field_ab268f5\"><div class=\"elementor-g-recaptcha\" data-sitekey=\"6LeUDi4rAAAAAJotYNSCPI1-WYzYmI_LeSWY7hAM\" data-type=\"v3\" data-action=\"Form\" data-badge=\"bottomright\" data-size=\"invisible\"><\/div><\/div>\t\t\t\t<\/div>\n\t\t\t\t\t\t\t\t<div class=\"elementor-field-group elementor-column elementor-field-type-submit elementor-col-100 e-form__buttons\">\n\t\t\t\t\t<button class=\"elementor-button elementor-size-sm\" type=\"submit\">\n\t\t\t\t\t\t<span class=\"elementor-button-content-wrapper\">\n\t\t\t\t\t\t\t\t\t\t\t\t\t\t\t\t\t\t\t\t\t\t<span class=\"elementor-button-text\">Send<\/span>\n\t\t\t\t\t\t\t\t\t\t\t\t\t<\/span>\n\t\t\t\t\t<\/button>\n\t\t\t\t<\/div>\n\t\t\t<\/div>\n\t\t<input type=\"hidden\" name=\"trp-form-language\" value=\"en\"\/><\/form>\n\t\t\t\t\t\t<\/div>\n\t\t\t\t<\/div>\n\t\t\t\t<\/div>\n\t\t\t\t<\/div>\n\t\t<div class=\"elementor-element elementor-element-b7d21b7 e-con-full animated-slow e-flex elementor-invisible e-con e-child\" data-id=\"b7d21b7\" data-element_type=\"container\" data-settings=\"{&quot;animation&quot;:&quot;fadeIn&quot;}\">\n\t\t\t\t<div class=\"elementor-element elementor-element-cc975cb elementor-widget elementor-widget-google_maps\" data-id=\"cc975cb\" data-element_type=\"widget\" data-widget_type=\"google_maps.default\">\n\t\t\t\t<div class=\"elementor-widget-container\">\n\t\t\t\t\t\t\t<div class=\"elementor-custom-embed\">\n\t\t\t<iframe loading=\"lazy\"\n\t\t\t\t\tsrc=\"https:\/\/maps.google.com\/maps?q=Slottspaviljongen&#038;t=m&#038;z=15&#038;output=embed&#038;iwloc=near\"\n\t\t\t\t\ttitle=\"Slottspaviljongen\"\n\t\t\t\t\taria-label=\"Slottspaviljongen\"\n\t\t\t><\/iframe>\n\t\t<\/div>\n\t\t\t\t\t\t<\/div>\n\t\t\t\t<\/div>\n\t\t\t\t<\/div>\n\t\t\t\t\t<\/div>\n\t\t\t\t<\/div>\n\t\t\t\t<\/div>","protected":false},"excerpt":{"rendered":"<p>KONTAKTA OSS Har du fr\u00e5gor, funderingar eller vill du bara veta mer? Tveka inte att h\u00f6ra av dig \u2013 vi hj\u00e4lper dig mer \u00e4n g\u00e4rna! Du \u00e4r varmt v\u00e4lkommen att kontakta oss via telefon eller e-post. kontakta Hur kan vi hj\u00e4lpa dig? Nedan hittar du v\u00e5ra uppgifter, k\u00e4nn dig mer \u00e4n v\u00e4lkommen att kontakta oss [&hellip;]<\/p>","protected":false},"author":1,"featured_media":592,"parent":0,"menu_order":0,"comment_status":"closed","ping_status":"closed","template":"elementor_header_footer","meta":{"footnotes":""},"class_list":["post-172","page","type-page","status-publish","has-post-thumbnail","hentry"],"yoast_head":"<!-- This site is optimized with the Yoast SEO plugin v26.0 - https:\/\/yoast.com\/wordpress\/plugins\/seo\/ -->\n<title>Kontakt - Upplev mer \u00e4n en m\u00e5ltid<\/title>\n<meta name=\"robots\" content=\"index, follow, max-snippet:-1, max-image-preview:large, max-video-preview:-1\" \/>\n<link rel=\"canonical\" href=\"https:\/\/slottspaviljongen.se\/en\/kontakt\/\" \/>\n<meta property=\"og:locale\" content=\"en_US\" \/>\n<meta property=\"og:type\" content=\"article\" \/>\n<meta property=\"og:title\" content=\"Kontakt\" \/>\n<meta property=\"og:description\" content=\"KONTAKTA OSS Har du fr\u00e5gor, funderingar eller vill du bara veta mer? Tveka inte att h\u00f6ra av dig \u2013 vi hj\u00e4lper dig mer \u00e4n g\u00e4rna! Du \u00e4r varmt v\u00e4lkommen att kontakta oss via telefon eller e-post. kontakta Hur kan vi hj\u00e4lpa dig? Nedan hittar du v\u00e5ra uppgifter, k\u00e4nn dig mer \u00e4n v\u00e4lkommen att kontakta oss [&hellip;]\" \/>\n<meta property=\"og:url\" content=\"https:\/\/slottspaviljongen.se\/en\/kontakt\/\" \/>\n<meta property=\"og:site_name\" content=\"Upplev mer \u00e4n en m\u00e5ltid\" \/>\n<meta property=\"article:publisher\" content=\"https:\/\/www.facebook.com\/slottspaviljongen\/?locale=sv_SE\" \/>\n<meta property=\"article:modified_time\" content=\"2025-05-26T21:00:07+00:00\" \/>\n<meta property=\"og:image\" content=\"https:\/\/slottspaviljongen.se\/wp-content\/uploads\/2025\/05\/Slottspaviljongen.png\" \/>\n\t<meta property=\"og:image:width\" content=\"856\" \/>\n\t<meta property=\"og:image:height\" content=\"500\" \/>\n\t<meta property=\"og:image:type\" content=\"image\/png\" \/>\n<meta name=\"twitter:card\" content=\"summary_large_image\" \/>\n<meta name=\"twitter:title\" content=\"Kontakt\" \/>\n<meta name=\"twitter:image\" content=\"https:\/\/slottspaviljongen.se\/wp-content\/uploads\/2025\/05\/Slottspaviljongen.png\" \/>\n<meta name=\"twitter:label1\" content=\"Est. reading time\" \/>\n\t<meta name=\"twitter:data1\" content=\"1 minute\" \/>\n<script type=\"application\/ld+json\" class=\"yoast-schema-graph\">{\"@context\":\"https:\/\/schema.org\",\"@graph\":[{\"@type\":\"WebPage\",\"@id\":\"https:\/\/slottspaviljongen.se\/kontakt\/\",\"url\":\"https:\/\/slottspaviljongen.se\/kontakt\/\",\"name\":\"Kontakt - Upplev mer \u00e4n en m\u00e5ltid\",\"isPartOf\":{\"@id\":\"https:\/\/slottspaviljongen.se\/#website\"},\"primaryImageOfPage\":{\"@id\":\"https:\/\/slottspaviljongen.se\/kontakt\/#primaryimage\"},\"image\":{\"@id\":\"https:\/\/slottspaviljongen.se\/kontakt\/#primaryimage\"},\"thumbnailUrl\":\"https:\/\/slottspaviljongen.se\/wp-content\/uploads\/2025\/05\/Slottspaviljongen.png\",\"datePublished\":\"2025-04-28T18:19:46+00:00\",\"dateModified\":\"2025-05-26T21:00:07+00:00\",\"breadcrumb\":{\"@id\":\"https:\/\/slottspaviljongen.se\/kontakt\/#breadcrumb\"},\"inLanguage\":\"en-US\",\"potentialAction\":[{\"@type\":\"ReadAction\",\"target\":[\"https:\/\/slottspaviljongen.se\/kontakt\/\"]}]},{\"@type\":\"ImageObject\",\"inLanguage\":\"en-US\",\"@id\":\"https:\/\/slottspaviljongen.se\/kontakt\/#primaryimage\",\"url\":\"https:\/\/slottspaviljongen.se\/wp-content\/uploads\/2025\/05\/Slottspaviljongen.png\",\"contentUrl\":\"https:\/\/slottspaviljongen.se\/wp-content\/uploads\/2025\/05\/Slottspaviljongen.png\",\"width\":856,\"height\":500,\"caption\":\"Slottspaviljongen\"},{\"@type\":\"BreadcrumbList\",\"@id\":\"https:\/\/slottspaviljongen.se\/kontakt\/#breadcrumb\",\"itemListElement\":[{\"@type\":\"ListItem\",\"position\":1,\"name\":\"Hem\",\"item\":\"https:\/\/slottspaviljongen.se\/\"},{\"@type\":\"ListItem\",\"position\":2,\"name\":\"Kontakt\"}]},{\"@type\":\"WebSite\",\"@id\":\"https:\/\/slottspaviljongen.se\/#website\",\"url\":\"https:\/\/slottspaviljongen.se\/\",\"name\":\"Slottspaviljongen\",\"description\":\"Upplev mer \u00e4n en m\u00e5ltid\",\"publisher\":{\"@id\":\"https:\/\/slottspaviljongen.se\/#organization\"},\"potentialAction\":[{\"@type\":\"SearchAction\",\"target\":{\"@type\":\"EntryPoint\",\"urlTemplate\":\"https:\/\/slottspaviljongen.se\/?s={search_term_string}\"},\"query-input\":{\"@type\":\"PropertyValueSpecification\",\"valueRequired\":true,\"valueName\":\"search_term_string\"}}],\"inLanguage\":\"en-US\"},{\"@type\":\"Organization\",\"@id\":\"https:\/\/slottspaviljongen.se\/#organization\",\"name\":\"Slottspaviljongen\",\"url\":\"https:\/\/slottspaviljongen.se\/\",\"logo\":{\"@type\":\"ImageObject\",\"inLanguage\":\"en-US\",\"@id\":\"https:\/\/slottspaviljongen.se\/#\/schema\/logo\/image\/\",\"url\":\"https:\/\/slottspaviljongen.se\/wp-content\/uploads\/2025\/05\/Slottspaviljongen-ikon.png\",\"contentUrl\":\"https:\/\/slottspaviljongen.se\/wp-content\/uploads\/2025\/05\/Slottspaviljongen-ikon.png\",\"width\":500,\"height\":500,\"caption\":\"Slottspaviljongen\"},\"image\":{\"@id\":\"https:\/\/slottspaviljongen.se\/#\/schema\/logo\/image\/\"},\"sameAs\":[\"https:\/\/www.facebook.com\/slottspaviljongen\/?locale=sv_SE\",\"https:\/\/www.instagram.com\/slottspaviljongen\/\"]}]}<\/script>\n<!-- \/ Yoast SEO plugin. -->","yoast_head_json":{"title":"Kontakt - Upplev mer \u00e4n en m\u00e5ltid","robots":{"index":"index","follow":"follow","max-snippet":"max-snippet:-1","max-image-preview":"max-image-preview:large","max-video-preview":"max-video-preview:-1"},"canonical":"https:\/\/slottspaviljongen.se\/en\/kontakt\/","og_locale":"en_US","og_type":"article","og_title":"Kontakt","og_description":"KONTAKTA OSS Har du fr\u00e5gor, funderingar eller vill du bara veta mer? Tveka inte att h\u00f6ra av dig \u2013 vi hj\u00e4lper dig mer \u00e4n g\u00e4rna! Du \u00e4r varmt v\u00e4lkommen att kontakta oss via telefon eller e-post. kontakta Hur kan vi hj\u00e4lpa dig? Nedan hittar du v\u00e5ra uppgifter, k\u00e4nn dig mer \u00e4n v\u00e4lkommen att kontakta oss [&hellip;]","og_url":"https:\/\/slottspaviljongen.se\/en\/kontakt\/","og_site_name":"Upplev mer \u00e4n en m\u00e5ltid","article_publisher":"https:\/\/www.facebook.com\/slottspaviljongen\/?locale=sv_SE","article_modified_time":"2025-05-26T21:00:07+00:00","og_image":[{"width":856,"height":500,"url":"https:\/\/slottspaviljongen.se\/wp-content\/uploads\/2025\/05\/Slottspaviljongen.png","type":"image\/png"}],"twitter_card":"summary_large_image","twitter_title":"Kontakt","twitter_image":"https:\/\/slottspaviljongen.se\/wp-content\/uploads\/2025\/05\/Slottspaviljongen.png","twitter_misc":{"Est. reading time":"1 minute"},"schema":{"@context":"https:\/\/schema.org","@graph":[{"@type":"WebPage","@id":"https:\/\/slottspaviljongen.se\/kontakt\/","url":"https:\/\/slottspaviljongen.se\/kontakt\/","name":"Kontakt - Upplev mer \u00e4n en m\u00e5ltid","isPartOf":{"@id":"https:\/\/slottspaviljongen.se\/#website"},"primaryImageOfPage":{"@id":"https:\/\/slottspaviljongen.se\/kontakt\/#primaryimage"},"image":{"@id":"https:\/\/slottspaviljongen.se\/kontakt\/#primaryimage"},"thumbnailUrl":"https:\/\/slottspaviljongen.se\/wp-content\/uploads\/2025\/05\/Slottspaviljongen.png","datePublished":"2025-04-28T18:19:46+00:00","dateModified":"2025-05-26T21:00:07+00:00","breadcrumb":{"@id":"https:\/\/slottspaviljongen.se\/kontakt\/#breadcrumb"},"inLanguage":"en-US","potentialAction":[{"@type":"ReadAction","target":["https:\/\/slottspaviljongen.se\/kontakt\/"]}]},{"@type":"ImageObject","inLanguage":"en-US","@id":"https:\/\/slottspaviljongen.se\/kontakt\/#primaryimage","url":"https:\/\/slottspaviljongen.se\/wp-content\/uploads\/2025\/05\/Slottspaviljongen.png","contentUrl":"https:\/\/slottspaviljongen.se\/wp-content\/uploads\/2025\/05\/Slottspaviljongen.png","width":856,"height":500,"caption":"Slottspaviljongen"},{"@type":"BreadcrumbList","@id":"https:\/\/slottspaviljongen.se\/kontakt\/#breadcrumb","itemListElement":[{"@type":"ListItem","position":1,"name":"Hem","item":"https:\/\/slottspaviljongen.se\/"},{"@type":"ListItem","position":2,"name":"Kontakt"}]},{"@type":"WebSite","@id":"https:\/\/slottspaviljongen.se\/#website","url":"https:\/\/slottspaviljongen.se\/","name":"Slottspaviljongen","description":"Upplev mer \u00e4n en m\u00e5ltid","publisher":{"@id":"https:\/\/slottspaviljongen.se\/#organization"},"potentialAction":[{"@type":"SearchAction","target":{"@type":"EntryPoint","urlTemplate":"https:\/\/slottspaviljongen.se\/?s={search_term_string}"},"query-input":{"@type":"PropertyValueSpecification","valueRequired":true,"valueName":"search_term_string"}}],"inLanguage":"en-US"},{"@type":"Organization","@id":"https:\/\/slottspaviljongen.se\/#organization","name":"Slottspaviljongen","url":"https:\/\/slottspaviljongen.se\/","logo":{"@type":"ImageObject","inLanguage":"en-US","@id":"https:\/\/slottspaviljongen.se\/#\/schema\/logo\/image\/","url":"https:\/\/slottspaviljongen.se\/wp-content\/uploads\/2025\/05\/Slottspaviljongen-ikon.png","contentUrl":"https:\/\/slottspaviljongen.se\/wp-content\/uploads\/2025\/05\/Slottspaviljongen-ikon.png","width":500,"height":500,"caption":"Slottspaviljongen"},"image":{"@id":"https:\/\/slottspaviljongen.se\/#\/schema\/logo\/image\/"},"sameAs":["https:\/\/www.facebook.com\/slottspaviljongen\/?locale=sv_SE","https:\/\/www.instagram.com\/slottspaviljongen\/"]}]}},"_links":{"self":[{"href":"https:\/\/slottspaviljongen.se\/en\/wp-json\/wp\/v2\/pages\/172","targetHints":{"allow":["GET"]}}],"collection":[{"href":"https:\/\/slottspaviljongen.se\/en\/wp-json\/wp\/v2\/pages"}],"about":[{"href":"https:\/\/slottspaviljongen.se\/en\/wp-json\/wp\/v2\/types\/page"}],"author":[{"embeddable":true,"href":"https:\/\/slottspaviljongen.se\/en\/wp-json\/wp\/v2\/users\/1"}],"replies":[{"embeddable":true,"href":"https:\/\/slottspaviljongen.se\/en\/wp-json\/wp\/v2\/comments?post=172"}],"version-history":[{"count":145,"href":"https:\/\/slottspaviljongen.se\/en\/wp-json\/wp\/v2\/pages\/172\/revisions"}],"predecessor-version":[{"id":1085,"href":"https:\/\/slottspaviljongen.se\/en\/wp-json\/wp\/v2\/pages\/172\/revisions\/1085"}],"wp:featuredmedia":[{"embeddable":true,"href":"https:\/\/slottspaviljongen.se\/en\/wp-json\/wp\/v2\/media\/592"}],"wp:attachment":[{"href":"https:\/\/slottspaviljongen.se\/en\/wp-json\/wp\/v2\/media?parent=172"}],"curies":[{"name":"wp","href":"https:\/\/api.w.org\/{rel}","templated":true}]}}