{"id":170,"date":"2025-04-28T18:19:38","date_gmt":"2025-04-28T18:19:38","guid":{"rendered":"https:\/\/slottspaviljongen.se\/?page_id=170"},"modified":"2025-06-02T21:17:41","modified_gmt":"2025-06-02T21:17:41","slug":"fest","status":"publish","type":"page","link":"https:\/\/slottspaviljongen.se\/en\/fest\/","title":{"rendered":"Party"},"content":{"rendered":"<div data-elementor-type=\"wp-page\" data-elementor-id=\"170\" class=\"elementor elementor-170\" data-elementor-post-type=\"page\">\n\t\t\t\t<div class=\"elementor-element elementor-element-aadbc09 e-flex e-con-boxed e-con e-parent\" data-id=\"aadbc09\" data-element_type=\"container\" data-settings=\"{&quot;background_background&quot;:&quot;classic&quot;}\">\n\t\t\t\t\t<div class=\"e-con-inner\">\n\t\t<main class=\"elementor-element elementor-element-20c1c16 e-con-full animated-slow e-flex elementor-invisible e-con e-child\" data-id=\"20c1c16\" data-element_type=\"container\" data-settings=\"{&quot;animation&quot;:&quot;fadeIn&quot;}\">\n\t\t\t\t<div class=\"elementor-element elementor-element-2d22e54 elementor-widget elementor-widget-heading\" data-id=\"2d22e54\" data-element_type=\"widget\" data-widget_type=\"heading.default\">\n\t\t\t\t<div class=\"elementor-widget-container\">\n\t\t\t\t\t<h1 class=\"elementor-heading-title elementor-size-default\">Party<\/h1>\t\t\t\t<\/div>\n\t\t\t\t<\/div>\n\t\t\t\t<div class=\"elementor-element elementor-element-a720515 elementor-widget elementor-widget-text-editor\" data-id=\"a720515\" data-element_type=\"widget\" data-widget_type=\"text-editor.default\">\n\t\t\t\t<div class=\"elementor-widget-container\">\n\t\t\t\t\t\t\t\t\t<p>Whether it's a wedding, anniversary, birthday or just a lovely dinner with loved ones, we at Slottspaviljongen offer a beautiful setting, flexible menus and space for up to 140 guests. Choose a ready-made menu or let us tailor a complete experience that suits you.<\/p>\t\t\t\t\t\t\t\t<\/div>\n\t\t\t\t<\/div>\n\t\t\t\t<div class=\"elementor-element elementor-element-7113a5f elementor-widget elementor-widget-button\" data-id=\"7113a5f\" data-element_type=\"widget\" data-widget_type=\"button.default\">\n\t\t\t\t<div class=\"elementor-widget-container\">\n\t\t\t\t\t\t\t\t\t<div class=\"elementor-button-wrapper\">\n\t\t\t\t\t<a class=\"elementor-button elementor-button-link elementor-size-sm\" href=\"https:\/\/slottspaviljongen.se\/wp-content\/uploads\/2025\/06\/Event-Fest-Slottpaviljongen.pdf\" target=\"_blank\">\n\t\t\t\t\t\t<span class=\"elementor-button-content-wrapper\">\n\t\t\t\t\t\t\t\t\t<span class=\"elementor-button-text\">see our party menu<\/span>\n\t\t\t\t\t<\/span>\n\t\t\t\t\t<\/a>\n\t\t\t\t<\/div>\n\t\t\t\t\t\t\t\t<\/div>\n\t\t\t\t<\/div>\n\t\t\t\t<\/main>\n\t\t\t\t\t<\/div>\n\t\t\t\t<\/div>\n\t\t\t\t<\/div>","protected":false},"excerpt":{"rendered":"<p>Fest Oavsett om det handlar om br\u00f6llop, jubileum, f\u00f6delsedag eller bara en h\u00e4rlig middag med n\u00e4ra och k\u00e4ra, erbjuder vi p\u00e5 Slottspaviljongen en vacker milj\u00f6, flexibla menyer och plats f\u00f6r upp till 140 g\u00e4ster. V\u00e4lj en f\u00e4rdig meny eller l\u00e5t oss skr\u00e4ddarsy en helhetsupplevelse som passar just er. se v\u00e5r fest meny<\/p>","protected":false},"author":1,"featured_media":592,"parent":0,"menu_order":0,"comment_status":"closed","ping_status":"closed","template":"elementor_header_footer","meta":{"footnotes":""},"class_list":["post-170","page","type-page","status-publish","has-post-thumbnail","hentry"],"yoast_head":"<!-- This site is optimized with the Yoast SEO plugin v26.0 - https:\/\/yoast.com\/wordpress\/plugins\/seo\/ -->\n<title>Fest - Upplev mer \u00e4n en m\u00e5ltid<\/title>\n<meta name=\"robots\" content=\"index, follow, max-snippet:-1, max-image-preview:large, max-video-preview:-1\" \/>\n<link rel=\"canonical\" href=\"https:\/\/slottspaviljongen.se\/en\/fest\/\" \/>\n<meta property=\"og:locale\" content=\"en_US\" \/>\n<meta property=\"og:type\" content=\"article\" \/>\n<meta property=\"og:title\" content=\"Fest\" \/>\n<meta property=\"og:description\" content=\"Fest Oavsett om det handlar om br\u00f6llop, jubileum, f\u00f6delsedag eller bara en h\u00e4rlig middag med n\u00e4ra och k\u00e4ra, erbjuder vi p\u00e5 Slottspaviljongen en vacker milj\u00f6, flexibla menyer och plats f\u00f6r upp till 140 g\u00e4ster. V\u00e4lj en f\u00e4rdig meny eller l\u00e5t oss skr\u00e4ddarsy en helhetsupplevelse som passar just er. se v\u00e5r fest meny\" \/>\n<meta property=\"og:url\" content=\"https:\/\/slottspaviljongen.se\/en\/fest\/\" \/>\n<meta property=\"og:site_name\" content=\"Upplev mer \u00e4n en m\u00e5ltid\" \/>\n<meta property=\"article:publisher\" content=\"https:\/\/www.facebook.com\/slottspaviljongen\/?locale=sv_SE\" \/>\n<meta property=\"article:modified_time\" content=\"2025-06-02T21:17:41+00:00\" \/>\n<meta property=\"og:image\" content=\"https:\/\/slottspaviljongen.se\/wp-content\/uploads\/2025\/05\/Slottspaviljongen.png\" \/>\n\t<meta property=\"og:image:width\" content=\"856\" \/>\n\t<meta property=\"og:image:height\" content=\"500\" \/>\n\t<meta property=\"og:image:type\" content=\"image\/png\" \/>\n<meta name=\"twitter:card\" content=\"summary_large_image\" \/>\n<meta name=\"twitter:title\" content=\"Fest\" \/>\n<meta name=\"twitter:image\" content=\"https:\/\/slottspaviljongen.se\/wp-content\/uploads\/2025\/05\/Slottspaviljongen.png\" \/>\n<meta name=\"twitter:label1\" content=\"Est. reading time\" \/>\n\t<meta name=\"twitter:data1\" content=\"1 minute\" \/>\n<script type=\"application\/ld+json\" class=\"yoast-schema-graph\">{\"@context\":\"https:\/\/schema.org\",\"@graph\":[{\"@type\":\"WebPage\",\"@id\":\"https:\/\/slottspaviljongen.se\/fest\/\",\"url\":\"https:\/\/slottspaviljongen.se\/fest\/\",\"name\":\"Fest - Upplev mer \u00e4n en m\u00e5ltid\",\"isPartOf\":{\"@id\":\"https:\/\/slottspaviljongen.se\/#website\"},\"primaryImageOfPage\":{\"@id\":\"https:\/\/slottspaviljongen.se\/fest\/#primaryimage\"},\"image\":{\"@id\":\"https:\/\/slottspaviljongen.se\/fest\/#primaryimage\"},\"thumbnailUrl\":\"https:\/\/slottspaviljongen.se\/wp-content\/uploads\/2025\/05\/Slottspaviljongen.png\",\"datePublished\":\"2025-04-28T18:19:38+00:00\",\"dateModified\":\"2025-06-02T21:17:41+00:00\",\"breadcrumb\":{\"@id\":\"https:\/\/slottspaviljongen.se\/fest\/#breadcrumb\"},\"inLanguage\":\"en-US\",\"potentialAction\":[{\"@type\":\"ReadAction\",\"target\":[\"https:\/\/slottspaviljongen.se\/fest\/\"]}]},{\"@type\":\"ImageObject\",\"inLanguage\":\"en-US\",\"@id\":\"https:\/\/slottspaviljongen.se\/fest\/#primaryimage\",\"url\":\"https:\/\/slottspaviljongen.se\/wp-content\/uploads\/2025\/05\/Slottspaviljongen.png\",\"contentUrl\":\"https:\/\/slottspaviljongen.se\/wp-content\/uploads\/2025\/05\/Slottspaviljongen.png\",\"width\":856,\"height\":500,\"caption\":\"Slottspaviljongen\"},{\"@type\":\"BreadcrumbList\",\"@id\":\"https:\/\/slottspaviljongen.se\/fest\/#breadcrumb\",\"itemListElement\":[{\"@type\":\"ListItem\",\"position\":1,\"name\":\"Hem\",\"item\":\"https:\/\/slottspaviljongen.se\/\"},{\"@type\":\"ListItem\",\"position\":2,\"name\":\"Fest\"}]},{\"@type\":\"WebSite\",\"@id\":\"https:\/\/slottspaviljongen.se\/#website\",\"url\":\"https:\/\/slottspaviljongen.se\/\",\"name\":\"Slottspaviljongen\",\"description\":\"Upplev mer \u00e4n en m\u00e5ltid\",\"publisher\":{\"@id\":\"https:\/\/slottspaviljongen.se\/#organization\"},\"potentialAction\":[{\"@type\":\"SearchAction\",\"target\":{\"@type\":\"EntryPoint\",\"urlTemplate\":\"https:\/\/slottspaviljongen.se\/?s={search_term_string}\"},\"query-input\":{\"@type\":\"PropertyValueSpecification\",\"valueRequired\":true,\"valueName\":\"search_term_string\"}}],\"inLanguage\":\"en-US\"},{\"@type\":\"Organization\",\"@id\":\"https:\/\/slottspaviljongen.se\/#organization\",\"name\":\"Slottspaviljongen\",\"url\":\"https:\/\/slottspaviljongen.se\/\",\"logo\":{\"@type\":\"ImageObject\",\"inLanguage\":\"en-US\",\"@id\":\"https:\/\/slottspaviljongen.se\/#\/schema\/logo\/image\/\",\"url\":\"https:\/\/slottspaviljongen.se\/wp-content\/uploads\/2025\/05\/Slottspaviljongen-ikon.png\",\"contentUrl\":\"https:\/\/slottspaviljongen.se\/wp-content\/uploads\/2025\/05\/Slottspaviljongen-ikon.png\",\"width\":500,\"height\":500,\"caption\":\"Slottspaviljongen\"},\"image\":{\"@id\":\"https:\/\/slottspaviljongen.se\/#\/schema\/logo\/image\/\"},\"sameAs\":[\"https:\/\/www.facebook.com\/slottspaviljongen\/?locale=sv_SE\",\"https:\/\/www.instagram.com\/slottspaviljongen\/\"]}]}<\/script>\n<!-- \/ Yoast SEO plugin. -->","yoast_head_json":{"title":"Fest - Upplev mer \u00e4n en m\u00e5ltid","robots":{"index":"index","follow":"follow","max-snippet":"max-snippet:-1","max-image-preview":"max-image-preview:large","max-video-preview":"max-video-preview:-1"},"canonical":"https:\/\/slottspaviljongen.se\/en\/fest\/","og_locale":"en_US","og_type":"article","og_title":"Fest","og_description":"Fest Oavsett om det handlar om br\u00f6llop, jubileum, f\u00f6delsedag eller bara en h\u00e4rlig middag med n\u00e4ra och k\u00e4ra, erbjuder vi p\u00e5 Slottspaviljongen en vacker milj\u00f6, flexibla menyer och plats f\u00f6r upp till 140 g\u00e4ster. V\u00e4lj en f\u00e4rdig meny eller l\u00e5t oss skr\u00e4ddarsy en helhetsupplevelse som passar just er. se v\u00e5r fest meny","og_url":"https:\/\/slottspaviljongen.se\/en\/fest\/","og_site_name":"Upplev mer \u00e4n en m\u00e5ltid","article_publisher":"https:\/\/www.facebook.com\/slottspaviljongen\/?locale=sv_SE","article_modified_time":"2025-06-02T21:17:41+00:00","og_image":[{"width":856,"height":500,"url":"https:\/\/slottspaviljongen.se\/wp-content\/uploads\/2025\/05\/Slottspaviljongen.png","type":"image\/png"}],"twitter_card":"summary_large_image","twitter_title":"Fest","twitter_image":"https:\/\/slottspaviljongen.se\/wp-content\/uploads\/2025\/05\/Slottspaviljongen.png","twitter_misc":{"Est. reading time":"1 minute"},"schema":{"@context":"https:\/\/schema.org","@graph":[{"@type":"WebPage","@id":"https:\/\/slottspaviljongen.se\/fest\/","url":"https:\/\/slottspaviljongen.se\/fest\/","name":"Fest - Upplev mer \u00e4n en m\u00e5ltid","isPartOf":{"@id":"https:\/\/slottspaviljongen.se\/#website"},"primaryImageOfPage":{"@id":"https:\/\/slottspaviljongen.se\/fest\/#primaryimage"},"image":{"@id":"https:\/\/slottspaviljongen.se\/fest\/#primaryimage"},"thumbnailUrl":"https:\/\/slottspaviljongen.se\/wp-content\/uploads\/2025\/05\/Slottspaviljongen.png","datePublished":"2025-04-28T18:19:38+00:00","dateModified":"2025-06-02T21:17:41+00:00","breadcrumb":{"@id":"https:\/\/slottspaviljongen.se\/fest\/#breadcrumb"},"inLanguage":"en-US","potentialAction":[{"@type":"ReadAction","target":["https:\/\/slottspaviljongen.se\/fest\/"]}]},{"@type":"ImageObject","inLanguage":"en-US","@id":"https:\/\/slottspaviljongen.se\/fest\/#primaryimage","url":"https:\/\/slottspaviljongen.se\/wp-content\/uploads\/2025\/05\/Slottspaviljongen.png","contentUrl":"https:\/\/slottspaviljongen.se\/wp-content\/uploads\/2025\/05\/Slottspaviljongen.png","width":856,"height":500,"caption":"Slottspaviljongen"},{"@type":"BreadcrumbList","@id":"https:\/\/slottspaviljongen.se\/fest\/#breadcrumb","itemListElement":[{"@type":"ListItem","position":1,"name":"Hem","item":"https:\/\/slottspaviljongen.se\/"},{"@type":"ListItem","position":2,"name":"Fest"}]},{"@type":"WebSite","@id":"https:\/\/slottspaviljongen.se\/#website","url":"https:\/\/slottspaviljongen.se\/","name":"Slottspaviljongen","description":"Upplev mer \u00e4n en m\u00e5ltid","publisher":{"@id":"https:\/\/slottspaviljongen.se\/#organization"},"potentialAction":[{"@type":"SearchAction","target":{"@type":"EntryPoint","urlTemplate":"https:\/\/slottspaviljongen.se\/?s={search_term_string}"},"query-input":{"@type":"PropertyValueSpecification","valueRequired":true,"valueName":"search_term_string"}}],"inLanguage":"en-US"},{"@type":"Organization","@id":"https:\/\/slottspaviljongen.se\/#organization","name":"Slottspaviljongen","url":"https:\/\/slottspaviljongen.se\/","logo":{"@type":"ImageObject","inLanguage":"en-US","@id":"https:\/\/slottspaviljongen.se\/#\/schema\/logo\/image\/","url":"https:\/\/slottspaviljongen.se\/wp-content\/uploads\/2025\/05\/Slottspaviljongen-ikon.png","contentUrl":"https:\/\/slottspaviljongen.se\/wp-content\/uploads\/2025\/05\/Slottspaviljongen-ikon.png","width":500,"height":500,"caption":"Slottspaviljongen"},"image":{"@id":"https:\/\/slottspaviljongen.se\/#\/schema\/logo\/image\/"},"sameAs":["https:\/\/www.facebook.com\/slottspaviljongen\/?locale=sv_SE","https:\/\/www.instagram.com\/slottspaviljongen\/"]}]}},"_links":{"self":[{"href":"https:\/\/slottspaviljongen.se\/en\/wp-json\/wp\/v2\/pages\/170","targetHints":{"allow":["GET"]}}],"collection":[{"href":"https:\/\/slottspaviljongen.se\/en\/wp-json\/wp\/v2\/pages"}],"about":[{"href":"https:\/\/slottspaviljongen.se\/en\/wp-json\/wp\/v2\/types\/page"}],"author":[{"embeddable":true,"href":"https:\/\/slottspaviljongen.se\/en\/wp-json\/wp\/v2\/users\/1"}],"replies":[{"embeddable":true,"href":"https:\/\/slottspaviljongen.se\/en\/wp-json\/wp\/v2\/comments?post=170"}],"version-history":[{"count":37,"href":"https:\/\/slottspaviljongen.se\/en\/wp-json\/wp\/v2\/pages\/170\/revisions"}],"predecessor-version":[{"id":1109,"href":"https:\/\/slottspaviljongen.se\/en\/wp-json\/wp\/v2\/pages\/170\/revisions\/1109"}],"wp:featuredmedia":[{"embeddable":true,"href":"https:\/\/slottspaviljongen.se\/en\/wp-json\/wp\/v2\/media\/592"}],"wp:attachment":[{"href":"https:\/\/slottspaviljongen.se\/en\/wp-json\/wp\/v2\/media?parent=170"}],"curies":[{"name":"wp","href":"https:\/\/api.w.org\/{rel}","templated":true}]}}