{"id":162,"date":"2025-04-28T18:19:04","date_gmt":"2025-04-28T18:19:04","guid":{"rendered":"https:\/\/slottspaviljongen.se\/?page_id=162"},"modified":"2025-06-29T21:15:12","modified_gmt":"2025-06-29T21:15:12","slug":"meny","status":"publish","type":"page","link":"https:\/\/slottspaviljongen.se\/en\/meny\/","title":{"rendered":"Menu"},"content":{"rendered":"<div data-elementor-type=\"wp-page\" data-elementor-id=\"162\" class=\"elementor elementor-162\" data-elementor-post-type=\"page\">\n\t\t\t\t<div class=\"elementor-element elementor-element-aaf3066 e-flex e-con-boxed e-con e-parent\" data-id=\"aaf3066\" data-element_type=\"container\" data-settings=\"{&quot;background_background&quot;:&quot;classic&quot;}\">\n\t\t\t\t\t<div class=\"e-con-inner\">\n\t\t<div class=\"elementor-element elementor-element-c6eb9d3 e-con-full animated-slow e-flex elementor-invisible e-con e-child\" data-id=\"c6eb9d3\" data-element_type=\"container\" data-settings=\"{&quot;background_background&quot;:&quot;classic&quot;,&quot;animation&quot;:&quot;fadeIn&quot;}\">\n\t\t\t\t<div class=\"elementor-element elementor-element-153b892 elementor-widget elementor-widget-heading\" data-id=\"153b892\" data-element_type=\"widget\" data-widget_type=\"heading.default\">\n\t\t\t\t<div class=\"elementor-widget-container\">\n\t\t\t\t\t<h1 class=\"elementor-heading-title elementor-size-default\">Our menu<\/h1>\t\t\t\t<\/div>\n\t\t\t\t<\/div>\n\t\t\t\t<div class=\"elementor-element elementor-element-067aa1c elementor-widget elementor-widget-text-editor\" data-id=\"067aa1c\" data-element_type=\"widget\" data-widget_type=\"text-editor.default\">\n\t\t\t\t<div class=\"elementor-widget-container\">\n\t\t\t\t\t\t\t\t\t<p>Our menu offers something for everyone \u2013 prepared with care and fine ingredients. Browse the menu to find your favorites, and feel free to book a table for a really good time with us.<\/p>\t\t\t\t\t\t\t\t<\/div>\n\t\t\t\t<\/div>\n\t\t<div class=\"elementor-element elementor-element-01984ee e-con-full e-flex e-con e-child\" data-id=\"01984ee\" data-element_type=\"container\">\n\t\t\t\t<div class=\"elementor-element elementor-element-e12bc94 elementor-widget elementor-widget-button\" data-id=\"e12bc94\" data-element_type=\"widget\" data-widget_type=\"button.default\">\n\t\t\t\t<div class=\"elementor-widget-container\">\n\t\t\t\t\t\t\t\t\t<div class=\"elementor-button-wrapper\">\n\t\t\t\t\t<a class=\"elementor-button elementor-button-link elementor-size-sm\" href=\"https:\/\/slottspaviljongen.se\/wp-content\/uploads\/2025\/06\/slottspaviljongen_meny.pdf\" target=\"_blank\">\n\t\t\t\t\t\t<span class=\"elementor-button-content-wrapper\">\n\t\t\t\t\t\t\t\t\t<span class=\"elementor-button-text\">See our menu<\/span>\n\t\t\t\t\t<\/span>\n\t\t\t\t\t<\/a>\n\t\t\t\t<\/div>\n\t\t\t\t\t\t\t\t<\/div>\n\t\t\t\t<\/div>\n\t\t\t\t<div class=\"elementor-element elementor-element-0a1d6f2 elementor-widget elementor-widget-button\" data-id=\"0a1d6f2\" data-element_type=\"widget\" data-widget_type=\"button.default\">\n\t\t\t\t<div class=\"elementor-widget-container\">\n\t\t\t\t\t\t\t\t\t<div class=\"elementor-button-wrapper\">\n\t\t\t\t\t<a class=\"elementor-button elementor-button-link elementor-size-sm\" href=\"#elementor-action%3Aaction%3Dpopup%3Aopen%26settings%3DeyJpZCI6IjQ2NyIsInRvZ2dsZSI6ZmFsc2V9\">\n\t\t\t\t\t\t<span class=\"elementor-button-content-wrapper\">\n\t\t\t\t\t\t\t\t\t<span class=\"elementor-button-text\">Book a table<\/span>\n\t\t\t\t\t<\/span>\n\t\t\t\t\t<\/a>\n\t\t\t\t<\/div>\n\t\t\t\t\t\t\t\t<\/div>\n\t\t\t\t<\/div>\n\t\t\t\t<\/div>\n\t\t\t\t<\/div>\n\t\t\t\t\t<\/div>\n\t\t\t\t<\/div>\n\t\t<div class=\"elementor-element elementor-element-db1767a e-flex e-con-boxed e-con e-parent\" data-id=\"db1767a\" data-element_type=\"container\">\n\t\t\t\t\t<div class=\"e-con-inner\">\n\t\t\t\t<div class=\"elementor-element elementor-element-2b22559 elementor-widget elementor-widget-text-editor\" data-id=\"2b22559\" data-element_type=\"widget\" data-widget_type=\"text-editor.default\">\n\t\t\t\t<div class=\"elementor-widget-container\">\n\t\t\t\t\t\t\t\t\t<h2><strong>F\u00f6rr\u00e4tter \/ Starters<\/strong><\/h2>\n<p><strong>Vitl\u00f6ksbr\u00f6d \/ Garlic Bread<\/strong><br>med tzatsiki\u2028<br>with tzatsiki<\/p><p><br><\/p>\n<p><strong>Pimientos de padron \/ Padron Peppers<\/strong><\/p>\n<p>Med parmesanost.<br>With parmesan cheese<\/p><p><br><\/p>\n<p><strong> Chili och vitl\u00f6ksfr\u00e4st scampi \/ Chili and garlic fried scampi<\/strong><br>P\u00e5 salladsb\u00e4dd, rostad surdegsbr\u00f6d och chilimayo.<br>On a bed of lettuce, toasted sourdough bread and chili sauce.<\/p><p><br><\/p>\n<p><b>Gulaschsoppa \/ Goulash soup<br><\/b>Med vitl\u00f6ksbr\u00f6d och creme fraiche.<br>With garlic bread and creme fraiche.<\/p><p><br><\/p>\n<p><strong> Skagenr\u00f6ra<\/strong><br>P\u00e5 dansk r\u00e5gbr\u00f6d, dill, r\u00f6dl\u00f6k, citron, inlagd gurka och tomater.<br>Shrimps in mayonnaise, dill, onion, lemon, pickled cucumber and tomatoes<\/p><p><br><\/p>\n<p><strong>R\u00e4kmacka \/ Shrimp Sandwitch<\/strong><br>P\u00e5 danskt r\u00e5gbr\u00f6d, handskalade r\u00e4kor, \u00e4gg, dillmayo, syrad r\u00f6dl\u00f6k, citron.<br>On grain bread, shrimps, egg, dill mayonnaise, pickled onions, lemon<\/p><p><br><\/p>\n<p><strong>R\u00e5raka \/ Hash Brown<\/strong><br>Med l\u00f6jrom, cremefraiche, r\u00f6dl\u00f6k, citron, dill.<br>With bleak roe, sour cream, red onions, lemon, dill.<\/p>\n<h2><strong>Sallad<\/strong><\/h2>\n<p><strong> Caesar Sallad \/ Caesar Salad<\/strong><br>Med kyckling knaperstekt bacon, r\u00f6dl\u00f6k, krutonger och parmesan.<br>With chicken, crispy bacon, red onion, croutons and parmesan.<\/p>\n<p><br><\/p>\n<p><strong>Chevresallad \/ Chevre salad<\/strong><br>Med r\u00f6dbetor, p\u00e4ron, valn\u00f6tter, granat\u00e4pple, cassava chips,\u2028<br>honungsdressing, rostad surdegsbr\u00f6d och tomat.<br>With beetroot, pear, walnuts, pomegranate, cassava chips, \u2028<br>honey dressing, toasted sourdough bread and tomato<\/p>\n<p><br><\/p>\n<p><strong> R\u00e4ksallad \/ Shrimp salad<\/strong><br>Med avokado, \u00e4gg, surdegsbr\u00f6d, tomater, sojab\u00f6nor, citron och Rhode <br>Island dressing, granat\u00e4pple, inlagd l\u00f6k, r\u00f6dl\u00f6k och sesamfr\u00f6n.<br>With avocado, eggs, sourdough bread, tomatoes, soybeans, lemon and Rhode <br>Island dressing, pomegranate, pickled onion, red onion and sesame seeds.<\/p>\n<p><br><\/p>\n<p><strong>Falafelsallad \/ Falafel salad<\/strong><br>Med fetaost, tomater, mynta, avocado, inlagd gurka, r\u00f6dl\u00f6k, hummus, <br>granat\u00e4pple och tahinidressing.<br>With feta cheese, tomatoes, mint, avocado, pickled cucumber, red onion, <br>hummus, pomegranate and tahini dressing.<\/p>\n<h2><strong> Burgare \/ Burgers<\/strong><\/h2>\n<p><strong> Beef, Cheddar, Bacon<\/strong><br>Med brioche br\u00f6d, mixsallad, bifftomat, syrad r\u00f6dl\u00f6k, aioli, \u2028<br>pommes och bearnaise.<br>With brioche bread, mixsallad, tomato, pickled onion, aioli,\u2028<br>fries and bearnaise sauce.<\/p>\n<p><br><\/p>\n<p><strong>Veganburgare \/ Vegan burgers <\/strong><br>Med brioche br\u00f6d, mixsallad, bifftomat, syrad r\u00f6dl\u00f6k,\u2028<br>och vegansk majon\u00e4s.<br>With brioche bread, mixsallad, tomato, pickled onion,\u2028<br>fries and vegan mayonnaise.<\/p>\n<h2><strong> Pinsa pizza<\/strong><\/h2>\n<p><strong>Prosciutto<\/strong><br>Med tomats\u00e5s, mozzarellaost, champinjoner, ruccola, basilika, \u2028<br>parmesanost, oregano och olivolja.<br>With tomato sauce, mozzarella cheese, mushrooms, arugula, basil,\u2028<br>parmesan cheese, oregano and olive oil.<\/p>\n<p><br><\/p>\n<p><strong>Burrata<\/strong><br>Med parmesanost, ugnsbakade tomater, creme fraiche, pesto, basilika,\u2028<br>olivolja och balmcalico<br>With parmesan cheese, baked tomatoes, creme fraiche, pesto, basil, olive oil and <br>balm calico<\/p>\n<p><br><\/p>\n<p><strong>Ch\u00e8vre<\/strong><br>Med Cr\u00e9me fraiche, p\u00e4ron, valn\u00f6tter, honung och ruccola.<br>With Cr\u00e9me fraiche, pears, walnuts, honey and arugula.<\/p>\n<h2><strong> Huvudr\u00e4tt \/ Main Course<\/strong><\/h2>\n<p><strong> Hemlagade k\u00f6ttbullar \/ Homemade Meatballs<\/strong><br>Med gr\u00e4dds\u00e5s, potatismos, r\u00e5r\u00f6rda lingon och pressgurka.<br>With Creamy gravy, mashed potato, lingon-berries and pickled cucumber.<\/p>\n<p><br><\/p>\n<p><strong>Kr\u00e4mig Tryffelpasta \/ Creamy Tryffelpasta<\/strong><br>Med oxfile, champinjoner och ruccola.<br>With fillet of beef, mushrooms and rucola.<\/p>\n<p><br><\/p>\n<p><strong>Burrata Pasta \/ Burrata Pasta<\/strong><br>Med vitt vin, tomat, vitl\u00f6k och en skv\u00e4tt vodka.<br>With white wine, tomato, garlic and a splash of vodka.<\/p>\n<p><br><\/p>\n<p><strong>Pasta frutti du mare\/ Pasta frutti du mare<\/strong><br>Med vitl\u00f6k, tomat, vitt vin, dill och basilika.<br>With garlic, tomato, white wine, dill and basil.<\/p>\n<p><br><\/p>\n<p><strong> Fisk-&amp; Skaldjursgryta \/ Fish-&amp; Seafood Stew<\/strong><br>Med saffran, rotsaker, r\u00e4kor, musslor, aioli och rostat surdegsbr\u00f6d.<br>With saffron, tomato, roots, schrimps, mussels, aioli and roasted sourdough bread<\/p>\n<p><br><\/p>\n<p><strong> Rimmad Lax \/ Cured Salmon<\/strong><br>Med dillstuvad potatis, kapris, citron, dill.<br>With dill stewed potatoes, capers, lemon, dill.<\/p>\n<p><br><\/p>\n<p><strong>\u00c5ngad Torskkrygg \/Steamed Cod Back<\/strong><br>Med potatismos, r\u00e4kor, sparris och skirat sm\u00f6r.<br>With mashed potato, shrimps, asparagus and clarified butter.<\/p>\n<p><br><\/p>\n<p><strong>Oxfile \/ Fillet Of Beef<\/strong><br>Med friterad bakpotatis, peppars\u00e5s och s\u00e4songens rotfrukter.<br>Fried potato, peppar sauce and root vegetables.<\/p>\n<h2><strong> Barnmeny \/ Kids Menu<\/strong><\/h2>\n<p><strong> Korv \/ Sausage<\/strong><br>Med pommes.<br>With fries.<\/p>\n<p><br><\/p>\n<p><strong>Pannkakor \/ Pancakes<\/strong><br>Med sylt och gr\u00e4dde.<br>With jam and cream.<\/p>\n<p><br><\/p>\n<p><strong>Hemlagade K\u00f6ttbullar \/ Homemade Meatballs<\/strong><br>Med potatismos, gr\u00e4dds\u00e5s och r\u00e5r\u00f6da lingon.<br>With mashed potato, creamy grevy and lingon-berries.<\/p>\n<p><br><\/p>\n<p><strong>Barnburgare \/ Burger<\/strong><br>Med sallad och tomat p\u00e5 sidan och pommes.<br>With salad and tomato on the side and french fries.<\/p>\n<h2><strong>Dessert<\/strong><\/h2>\n<p><strong>Vaniljglass \/ Vanilla Ice Cream<\/strong><br>Med gr\u00e4dde och f\u00e4rska b\u00e4r.<br>With cream and fresh berries.<\/p>\n<p><br><\/p>\n<p><strong>Kladdkaka \/ Chocolate Cake<\/strong><br>Med gr\u00e4dde och b\u00e4r.<br>With cream and berries.<\/p>\n<p><br><\/p>\n<p><strong>Dubai Choklad \/ Dubai Chocolate<\/strong><br>Med pistachkr\u00e4m, krispig kunefe, jordgubbar och vaniljglass.<br>With pistachio paste, crispy kunafa, strawberries and vanilla icecream.<\/p>\n<p><br><\/p>\n<p><strong>Tiramisu<\/strong><br>Klassisk italiensk dessert med lager av kafe och lik\u00f6r indr\u00e4nkt\u2028<br>saviordikex, mascarponekr\u00e4m, en touch av kakao.<br>With pistachio paste, crispy kunafa, strawberries and vanilla icecream.<\/p>\n<p><br><\/p>\n<p><strong>Affogato<\/strong><br>Vaniljglass, toppad med espresso och en skv\u00e4tt lik\u00f6r.<br>Vanilla ice cream, topped with espresso and a splash of liqueur.<\/p>\n<p><br><\/p>\n<h2><strong> Dryck<\/strong><\/h2>\n<div><strong><br><\/strong><\/div>\n<h4><strong>Bubbel<\/strong><\/h4>\n<p><strong>Moet Chandon<\/strong><\/p>\n<p><strong><br><\/strong><\/p>\n<p><strong>Philipponnat<\/strong><\/p>\n<p><strong><br><\/strong><\/p>\n<p><strong>Cava (SIGNAT)<\/strong><\/p>\n<p><strong><br><\/strong><\/p>\n<p><strong>Alkoholfritt bubbel<\/strong><\/p>\n<p><strong><br><\/strong><\/p>\n<p><strong>Alkoholfritt vin<\/strong><\/p>\n<p><strong><br><\/strong><\/p>\n<h4><strong> Vita Viner<\/strong><\/h4>\n<p><strong> Zaccagnini<\/strong><br>Trebbiano, pecorino, pinat grigio (torr, syrlig)<\/p>\n<p><br><\/p>\n<p><strong>Kein name<\/strong><br>(torr, frisk och fruktig)<\/p>\n<p><br><\/p>\n<p><strong>Neiss &#8211; riesling<\/strong><br>(torr, frisk, fruktig med fin mineralton)<\/p>\n<h4><strong>Rose<\/strong><\/h4>\n<p><strong>Zaccagnini, montepulciano, sangiovese<\/strong><br>(torr, str\u00e4v, syrlig)<\/p>\n<p><br><\/p>\n<h4><strong> R\u00f6da Viner<\/strong><\/h4>\n<p><strong>Don Simon<\/strong><br>Fruktig med m\u00f6rka frukter.<\/p>\n<p><br><\/p>\n<p><strong>56 Hundred &#8211; Cabarnet Sauvignon<\/strong><br>(inslag av m\u00f6rka frukter och b\u00e4r)<\/p>\n<p><br><\/p>\n<p><strong>Marques De Vitoria &#8211; Rioja.<\/strong><br>(Medelfyllig med smak av m\u00f6rka b\u00e4r, vanilj)<\/p>\n<p><br><\/p>\n<p><strong>Zonin &#8211; Valpolicella Ripasso<\/strong><br>(Medelfyllig med toner av torkade k\u00f6rsb\u00e4r)<\/p>\n<h4><strong>\u00d6l<\/strong><\/h4>\n<p><strong>H\u00f6gakusten<\/strong><br>50cl<\/p>\n<p><br><\/p>\n<p><strong>Mariestad<\/strong><br>50cl<\/p>\n<p><br><\/p>\n<p><strong>Peroni<\/strong><br>33cl<\/p>\n<p><br><\/p>\n<p><strong>Ship full of IPA<\/strong><br>33cl<\/p>\n<p><br><\/p>\n<p><strong>Carlsberg Hof<\/strong><br>33cl<\/p>\n<p><br><\/p>\n<p><strong>Krusovice<\/strong><br>33cl<\/p>\n<p><br><\/p>\n<p><strong>Sol<\/strong><br>33cl<\/p>\n<p><br><\/p>\n<p><strong>Fat\u00f6l<\/strong><br>40cl (Norrlands Guld)<\/p>\n<p><br><\/p>\n<h4><strong>Cider<\/strong><\/h4>\n<p><strong>Sommersby P\u00e4ron<\/strong><br>33cl<\/p>\n<p><strong>Briska Fl\u00e4der<\/strong><br>33cl<\/p>\n<p><strong>Briska Hallon &amp; Vinb\u00e4r<\/strong><br>33cl<\/p>\n<p><\/p>\n<h2><strong>L\u00e4sk \/ Vatten &amp; \u00d6vrigt<\/strong><\/h2>\n<p><strong>Kolsyrat vatten<\/strong><br>40cl<\/p>\n<p><\/p>\n<p><strong>Mariestad non alkoholic<\/strong><br>33cl<\/p>\n<p><\/p>\n<p><strong>Coca Cola \/ Coca Cola Zero \/ Fanta \/ Sprite<\/strong><br>33cl<\/p>\n<p><\/p>\n<p><strong>Mj\u00f6lk<\/strong><\/p>\n<p>33cl<\/p>\n<p><\/p>\n<p><strong>Smakis (P\u00e4ron \/ \u00c4pple \/ Apelsin)<\/strong><\/p>\n<p><strong>&nbsp;<\/strong><\/p>\n<p><strong>\u00c4ppelmust (\u00c4pple -&amp; Rabarber)<\/strong><\/p>\n<p><strong>&nbsp;<\/strong><\/p>\n<p><strong>Pellegrino (Limonata \/ Aranciata \/ Rossa)&nbsp;<\/strong><\/p>\n<p><strong>&nbsp;<\/strong><\/p>\n<p><strong>Alkoholfri drink<\/strong><\/p>\n<p><strong>&nbsp;<\/strong><\/p>\n<p><strong>Kaffe \/ Te&nbsp;<\/strong><\/p>\n<p><strong>&nbsp;<\/strong><\/p>\n<p><strong>Espresso<\/strong><\/p>\n<p><strong>&nbsp;<\/strong><\/p>\n<p><strong>Latte \/ Cappuccino \/ <\/strong><strong>Varmchoklad<\/strong><\/p>\t\t\t\t\t\t\t\t<\/div>\n\t\t\t\t<\/div>\n\t\t\t\t\t<\/div>\n\t\t\t\t<\/div>\n\t\t\t\t<\/div>","protected":false},"excerpt":{"rendered":"<p>V\u00e5r meny V\u00e5r meny bjuder p\u00e5 n\u00e5got f\u00f6r alla \u2013 lagat med omsorg och fina r\u00e5varor. Bl\u00e4ddra i menyn f\u00f6r att hitta dina favoriter, och boka g\u00e4rna bord f\u00f6r en riktigt god stund hos oss. Se v\u00e5r meny Boka bord F\u00f6rr\u00e4tter \/ Starters Vitl\u00f6ksbr\u00f6d \/ Garlic Breadmed tzatsiki\u2028with tzatsiki Pimientos de padron \/ Padron Peppers [&hellip;]<\/p>","protected":false},"author":1,"featured_media":592,"parent":0,"menu_order":0,"comment_status":"closed","ping_status":"closed","template":"elementor_header_footer","meta":{"footnotes":""},"class_list":["post-162","page","type-page","status-publish","has-post-thumbnail","hentry"],"yoast_head":"<!-- This site is optimized with the Yoast SEO plugin v26.0 - https:\/\/yoast.com\/wordpress\/plugins\/seo\/ -->\n<title>Meny - Upplev mer \u00e4n en m\u00e5ltid<\/title>\n<meta name=\"robots\" content=\"index, follow, max-snippet:-1, max-image-preview:large, max-video-preview:-1\" \/>\n<link rel=\"canonical\" href=\"https:\/\/slottspaviljongen.se\/en\/meny\/\" \/>\n<meta property=\"og:locale\" content=\"en_US\" \/>\n<meta property=\"og:type\" content=\"article\" \/>\n<meta property=\"og:title\" content=\"Meny\" \/>\n<meta property=\"og:description\" content=\"V\u00e5r meny V\u00e5r meny bjuder p\u00e5 n\u00e5got f\u00f6r alla \u2013 lagat med omsorg och fina r\u00e5varor. Bl\u00e4ddra i menyn f\u00f6r att hitta dina favoriter, och boka g\u00e4rna bord f\u00f6r en riktigt god stund hos oss. Se v\u00e5r meny Boka bord F\u00f6rr\u00e4tter \/ Starters Vitl\u00f6ksbr\u00f6d \/ Garlic Breadmed tzatsiki\u2028with tzatsiki Pimientos de padron \/ Padron Peppers [&hellip;]\" \/>\n<meta property=\"og:url\" content=\"https:\/\/slottspaviljongen.se\/en\/meny\/\" \/>\n<meta property=\"og:site_name\" content=\"Upplev mer \u00e4n en m\u00e5ltid\" \/>\n<meta property=\"article:publisher\" content=\"https:\/\/www.facebook.com\/slottspaviljongen\/?locale=sv_SE\" \/>\n<meta property=\"article:modified_time\" content=\"2025-06-29T21:15:12+00:00\" \/>\n<meta property=\"og:image\" content=\"https:\/\/slottspaviljongen.se\/wp-content\/uploads\/2025\/05\/Slottspaviljongen.png\" \/>\n\t<meta property=\"og:image:width\" content=\"856\" \/>\n\t<meta property=\"og:image:height\" content=\"500\" \/>\n\t<meta property=\"og:image:type\" content=\"image\/png\" \/>\n<meta name=\"twitter:card\" content=\"summary_large_image\" \/>\n<meta name=\"twitter:title\" content=\"Meny\" \/>\n<meta name=\"twitter:image\" content=\"https:\/\/slottspaviljongen.se\/wp-content\/uploads\/2025\/05\/Slottspaviljongen.png\" \/>\n<meta name=\"twitter:label1\" content=\"Est. reading time\" \/>\n\t<meta name=\"twitter:data1\" content=\"5 minutes\" \/>\n<script type=\"application\/ld+json\" class=\"yoast-schema-graph\">{\"@context\":\"https:\/\/schema.org\",\"@graph\":[{\"@type\":\"WebPage\",\"@id\":\"https:\/\/slottspaviljongen.se\/meny\/\",\"url\":\"https:\/\/slottspaviljongen.se\/meny\/\",\"name\":\"Meny - Upplev mer \u00e4n en m\u00e5ltid\",\"isPartOf\":{\"@id\":\"https:\/\/slottspaviljongen.se\/#website\"},\"primaryImageOfPage\":{\"@id\":\"https:\/\/slottspaviljongen.se\/meny\/#primaryimage\"},\"image\":{\"@id\":\"https:\/\/slottspaviljongen.se\/meny\/#primaryimage\"},\"thumbnailUrl\":\"https:\/\/slottspaviljongen.se\/wp-content\/uploads\/2025\/05\/Slottspaviljongen.png\",\"datePublished\":\"2025-04-28T18:19:04+00:00\",\"dateModified\":\"2025-06-29T21:15:12+00:00\",\"breadcrumb\":{\"@id\":\"https:\/\/slottspaviljongen.se\/meny\/#breadcrumb\"},\"inLanguage\":\"en-US\",\"potentialAction\":[{\"@type\":\"ReadAction\",\"target\":[\"https:\/\/slottspaviljongen.se\/meny\/\"]}]},{\"@type\":\"ImageObject\",\"inLanguage\":\"en-US\",\"@id\":\"https:\/\/slottspaviljongen.se\/meny\/#primaryimage\",\"url\":\"https:\/\/slottspaviljongen.se\/wp-content\/uploads\/2025\/05\/Slottspaviljongen.png\",\"contentUrl\":\"https:\/\/slottspaviljongen.se\/wp-content\/uploads\/2025\/05\/Slottspaviljongen.png\",\"width\":856,\"height\":500,\"caption\":\"Slottspaviljongen\"},{\"@type\":\"BreadcrumbList\",\"@id\":\"https:\/\/slottspaviljongen.se\/meny\/#breadcrumb\",\"itemListElement\":[{\"@type\":\"ListItem\",\"position\":1,\"name\":\"Hem\",\"item\":\"https:\/\/slottspaviljongen.se\/\"},{\"@type\":\"ListItem\",\"position\":2,\"name\":\"Meny\"}]},{\"@type\":\"WebSite\",\"@id\":\"https:\/\/slottspaviljongen.se\/#website\",\"url\":\"https:\/\/slottspaviljongen.se\/\",\"name\":\"Slottspaviljongen\",\"description\":\"Upplev mer \u00e4n en m\u00e5ltid\",\"publisher\":{\"@id\":\"https:\/\/slottspaviljongen.se\/#organization\"},\"potentialAction\":[{\"@type\":\"SearchAction\",\"target\":{\"@type\":\"EntryPoint\",\"urlTemplate\":\"https:\/\/slottspaviljongen.se\/?s={search_term_string}\"},\"query-input\":{\"@type\":\"PropertyValueSpecification\",\"valueRequired\":true,\"valueName\":\"search_term_string\"}}],\"inLanguage\":\"en-US\"},{\"@type\":\"Organization\",\"@id\":\"https:\/\/slottspaviljongen.se\/#organization\",\"name\":\"Slottspaviljongen\",\"url\":\"https:\/\/slottspaviljongen.se\/\",\"logo\":{\"@type\":\"ImageObject\",\"inLanguage\":\"en-US\",\"@id\":\"https:\/\/slottspaviljongen.se\/#\/schema\/logo\/image\/\",\"url\":\"https:\/\/slottspaviljongen.se\/wp-content\/uploads\/2025\/05\/Slottspaviljongen-ikon.png\",\"contentUrl\":\"https:\/\/slottspaviljongen.se\/wp-content\/uploads\/2025\/05\/Slottspaviljongen-ikon.png\",\"width\":500,\"height\":500,\"caption\":\"Slottspaviljongen\"},\"image\":{\"@id\":\"https:\/\/slottspaviljongen.se\/#\/schema\/logo\/image\/\"},\"sameAs\":[\"https:\/\/www.facebook.com\/slottspaviljongen\/?locale=sv_SE\",\"https:\/\/www.instagram.com\/slottspaviljongen\/\"]}]}<\/script>\n<!-- \/ Yoast SEO plugin. -->","yoast_head_json":{"title":"Meny - Upplev mer \u00e4n en m\u00e5ltid","robots":{"index":"index","follow":"follow","max-snippet":"max-snippet:-1","max-image-preview":"max-image-preview:large","max-video-preview":"max-video-preview:-1"},"canonical":"https:\/\/slottspaviljongen.se\/en\/meny\/","og_locale":"en_US","og_type":"article","og_title":"Meny","og_description":"V\u00e5r meny V\u00e5r meny bjuder p\u00e5 n\u00e5got f\u00f6r alla \u2013 lagat med omsorg och fina r\u00e5varor. Bl\u00e4ddra i menyn f\u00f6r att hitta dina favoriter, och boka g\u00e4rna bord f\u00f6r en riktigt god stund hos oss. Se v\u00e5r meny Boka bord F\u00f6rr\u00e4tter \/ Starters Vitl\u00f6ksbr\u00f6d \/ Garlic Breadmed tzatsiki\u2028with tzatsiki Pimientos de padron \/ Padron Peppers [&hellip;]","og_url":"https:\/\/slottspaviljongen.se\/en\/meny\/","og_site_name":"Upplev mer \u00e4n en m\u00e5ltid","article_publisher":"https:\/\/www.facebook.com\/slottspaviljongen\/?locale=sv_SE","article_modified_time":"2025-06-29T21:15:12+00:00","og_image":[{"width":856,"height":500,"url":"https:\/\/slottspaviljongen.se\/wp-content\/uploads\/2025\/05\/Slottspaviljongen.png","type":"image\/png"}],"twitter_card":"summary_large_image","twitter_title":"Meny","twitter_image":"https:\/\/slottspaviljongen.se\/wp-content\/uploads\/2025\/05\/Slottspaviljongen.png","twitter_misc":{"Est. reading time":"5 minutes"},"schema":{"@context":"https:\/\/schema.org","@graph":[{"@type":"WebPage","@id":"https:\/\/slottspaviljongen.se\/meny\/","url":"https:\/\/slottspaviljongen.se\/meny\/","name":"Meny - Upplev mer \u00e4n en m\u00e5ltid","isPartOf":{"@id":"https:\/\/slottspaviljongen.se\/#website"},"primaryImageOfPage":{"@id":"https:\/\/slottspaviljongen.se\/meny\/#primaryimage"},"image":{"@id":"https:\/\/slottspaviljongen.se\/meny\/#primaryimage"},"thumbnailUrl":"https:\/\/slottspaviljongen.se\/wp-content\/uploads\/2025\/05\/Slottspaviljongen.png","datePublished":"2025-04-28T18:19:04+00:00","dateModified":"2025-06-29T21:15:12+00:00","breadcrumb":{"@id":"https:\/\/slottspaviljongen.se\/meny\/#breadcrumb"},"inLanguage":"en-US","potentialAction":[{"@type":"ReadAction","target":["https:\/\/slottspaviljongen.se\/meny\/"]}]},{"@type":"ImageObject","inLanguage":"en-US","@id":"https:\/\/slottspaviljongen.se\/meny\/#primaryimage","url":"https:\/\/slottspaviljongen.se\/wp-content\/uploads\/2025\/05\/Slottspaviljongen.png","contentUrl":"https:\/\/slottspaviljongen.se\/wp-content\/uploads\/2025\/05\/Slottspaviljongen.png","width":856,"height":500,"caption":"Slottspaviljongen"},{"@type":"BreadcrumbList","@id":"https:\/\/slottspaviljongen.se\/meny\/#breadcrumb","itemListElement":[{"@type":"ListItem","position":1,"name":"Hem","item":"https:\/\/slottspaviljongen.se\/"},{"@type":"ListItem","position":2,"name":"Meny"}]},{"@type":"WebSite","@id":"https:\/\/slottspaviljongen.se\/#website","url":"https:\/\/slottspaviljongen.se\/","name":"Slottspaviljongen","description":"Upplev mer \u00e4n en m\u00e5ltid","publisher":{"@id":"https:\/\/slottspaviljongen.se\/#organization"},"potentialAction":[{"@type":"SearchAction","target":{"@type":"EntryPoint","urlTemplate":"https:\/\/slottspaviljongen.se\/?s={search_term_string}"},"query-input":{"@type":"PropertyValueSpecification","valueRequired":true,"valueName":"search_term_string"}}],"inLanguage":"en-US"},{"@type":"Organization","@id":"https:\/\/slottspaviljongen.se\/#organization","name":"Slottspaviljongen","url":"https:\/\/slottspaviljongen.se\/","logo":{"@type":"ImageObject","inLanguage":"en-US","@id":"https:\/\/slottspaviljongen.se\/#\/schema\/logo\/image\/","url":"https:\/\/slottspaviljongen.se\/wp-content\/uploads\/2025\/05\/Slottspaviljongen-ikon.png","contentUrl":"https:\/\/slottspaviljongen.se\/wp-content\/uploads\/2025\/05\/Slottspaviljongen-ikon.png","width":500,"height":500,"caption":"Slottspaviljongen"},"image":{"@id":"https:\/\/slottspaviljongen.se\/#\/schema\/logo\/image\/"},"sameAs":["https:\/\/www.facebook.com\/slottspaviljongen\/?locale=sv_SE","https:\/\/www.instagram.com\/slottspaviljongen\/"]}]}},"_links":{"self":[{"href":"https:\/\/slottspaviljongen.se\/en\/wp-json\/wp\/v2\/pages\/162","targetHints":{"allow":["GET"]}}],"collection":[{"href":"https:\/\/slottspaviljongen.se\/en\/wp-json\/wp\/v2\/pages"}],"about":[{"href":"https:\/\/slottspaviljongen.se\/en\/wp-json\/wp\/v2\/types\/page"}],"author":[{"embeddable":true,"href":"https:\/\/slottspaviljongen.se\/en\/wp-json\/wp\/v2\/users\/1"}],"replies":[{"embeddable":true,"href":"https:\/\/slottspaviljongen.se\/en\/wp-json\/wp\/v2\/comments?post=162"}],"version-history":[{"count":103,"href":"https:\/\/slottspaviljongen.se\/en\/wp-json\/wp\/v2\/pages\/162\/revisions"}],"predecessor-version":[{"id":1187,"href":"https:\/\/slottspaviljongen.se\/en\/wp-json\/wp\/v2\/pages\/162\/revisions\/1187"}],"wp:featuredmedia":[{"embeddable":true,"href":"https:\/\/slottspaviljongen.se\/en\/wp-json\/wp\/v2\/media\/592"}],"wp:attachment":[{"href":"https:\/\/slottspaviljongen.se\/en\/wp-json\/wp\/v2\/media?parent=162"}],"curies":[{"name":"wp","href":"https:\/\/api.w.org\/{rel}","templated":true}]}}